{"id":1514,"date":"2024-08-05T20:38:52","date_gmt":"2024-08-05T20:38:52","guid":{"rendered":"https:\/\/halter.com.pe\/?page_id=1514"},"modified":"2024-10-30T22:33:57","modified_gmt":"2024-10-30T22:33:57","slug":"centrifuga-decantadora-de-deshidratacion-serie-c","status":"publish","type":"page","link":"https:\/\/halter.com.pe\/index.php\/productos\/centrifuga-decantadora\/centrifuga-decantadora-de-deshidratacion-serie-c\/","title":{"rendered":"Centr\u00edfuga decantadora clarificadora (Serie C)"},"content":{"rendered":"\t\t<div data-elementor-type=\"wp-page\" data-elementor-id=\"1514\" class=\"elementor elementor-1514\">\n\t\t\t\t<div class=\"elementor-element elementor-element-f7bb17d e-con-full e-flex e-con e-parent\" data-id=\"f7bb17d\" data-element_type=\"container\" data-e-type=\"container\" data-settings=\"{&quot;background_background&quot;:&quot;classic&quot;}\">\n\t\t\t\t<\/div>\n\t\t<div class=\"elementor-element elementor-element-fa7671d e-flex e-con-boxed e-con e-parent\" data-id=\"fa7671d\" data-element_type=\"container\" data-e-type=\"container\">\n\t\t\t\t\t<div class=\"e-con-inner\">\n\t\t\t\t<div class=\"elementor-element elementor-element-4e13f00 elementor-widget-divider--view-line elementor-widget elementor-widget-divider\" data-id=\"4e13f00\" data-element_type=\"widget\" data-e-type=\"widget\" data-widget_type=\"divider.default\">\n\t\t\t\t<div class=\"elementor-widget-container\">\n\t\t\t\t\t\t\t<div class=\"elementor-divider\">\n\t\t\t<span class=\"elementor-divider-separator\">\n\t\t\t\t\t\t<\/span>\n\t\t<\/div>\n\t\t\t\t\t\t<\/div>\n\t\t\t\t<\/div>\n\t\t\t\t<div class=\"elementor-element elementor-element-cc2a925 elementor-widget elementor-widget-heading\" data-id=\"cc2a925\" data-element_type=\"widget\" data-e-type=\"widget\" data-widget_type=\"heading.default\">\n\t\t\t\t<div class=\"elementor-widget-container\">\n\t\t\t\t\t<h2 class=\"elementor-heading-title elementor-size-default\">CENTR\u00cdFUGA DECANTADORA CLARIFICADORA (SERIE C)<\/h2>\t\t\t\t<\/div>\n\t\t\t\t<\/div>\n\t\t\t\t\t<\/div>\n\t\t\t\t<\/div>\n\t\t<div class=\"elementor-element elementor-element-70974ef e-flex e-con-boxed e-con e-parent\" data-id=\"70974ef\" data-element_type=\"container\" data-e-type=\"container\">\n\t\t\t\t\t<div class=\"e-con-inner\">\n\t\t\t\t<div class=\"elementor-element elementor-element-a4f3415 elementor-widget elementor-widget-text-editor\" data-id=\"a4f3415\" data-element_type=\"widget\" data-e-type=\"widget\" data-widget_type=\"text-editor.default\">\n\t\t\t\t<div class=\"elementor-widget-container\">\n\t\t\t\t\t\t\t\t\t<p>La Centr\u00edfuga decantadora clarificadora es una centr\u00edfuga decantadora de la serie C con un \u00e1ngulo de playa de 20 grados. Las centr\u00edfugas decantadoras GN clarificadoras est\u00e1n dise\u00f1adas para la separaci\u00f3n continua de suspensiones en s\u00f3lidos y l\u00edquidos clarificados, sin interrumpir la alimentaci\u00f3n de la suspensi\u00f3n. Es adecuado para material de tama\u00f1o de peque\u00f1o particularmente, baja diferencia de densidad entre s\u00f3lidos y l\u00edquidos, viscosidad moderada, concentraci\u00f3n moderada.<\/p>\t\t\t\t\t\t\t\t<\/div>\n\t\t\t\t<\/div>\n\t\t\t\t\t<\/div>\n\t\t\t\t<\/div>\n\t\t<div class=\"elementor-element elementor-element-d14147d e-flex e-con-boxed e-con e-parent\" data-id=\"d14147d\" data-element_type=\"container\" data-e-type=\"container\">\n\t\t\t\t\t<div class=\"e-con-inner\">\n\t\t<div class=\"elementor-element elementor-element-748e2e7 e-con-full e-flex e-con e-child\" data-id=\"748e2e7\" data-element_type=\"container\" data-e-type=\"container\">\n\t\t\t\t<div class=\"elementor-element elementor-element-53883de elementor-widget elementor-widget-image\" data-id=\"53883de\" data-element_type=\"widget\" data-e-type=\"widget\" data-widget_type=\"image.default\">\n\t\t\t\t<div class=\"elementor-widget-container\">\n\t\t\t\t\t\t\t\t\t\t\t\t\t\t\t<img fetchpriority=\"high\" decoding=\"async\" width=\"800\" height=\"450\" src=\"https:\/\/halter.com.pe\/wp-content\/uploads\/2024\/08\/CENTRIFUGA-DECANTADORA-CLARIFICADORA-SERIE-C.jpg\" class=\"attachment-large size-large wp-image-1524\" alt=\"Centr\u00edfuga decantadora clasificadora para mineras\" srcset=\"https:\/\/halter.com.pe\/wp-content\/uploads\/2024\/08\/CENTRIFUGA-DECANTADORA-CLARIFICADORA-SERIE-C.jpg 800w, https:\/\/halter.com.pe\/wp-content\/uploads\/2024\/08\/CENTRIFUGA-DECANTADORA-CLARIFICADORA-SERIE-C-300x169.jpg 300w, https:\/\/halter.com.pe\/wp-content\/uploads\/2024\/08\/CENTRIFUGA-DECANTADORA-CLARIFICADORA-SERIE-C-768x432.jpg 768w\" sizes=\"(max-width: 800px) 100vw, 800px\" \/>\t\t\t\t\t\t\t\t\t\t\t\t\t\t\t<\/div>\n\t\t\t\t<\/div>\n\t\t\t\t<\/div>\n\t\t<div class=\"elementor-element elementor-element-625e908 e-con-full e-flex e-con e-child\" data-id=\"625e908\" data-element_type=\"container\" data-e-type=\"container\">\n\t\t\t\t<div class=\"elementor-element elementor-element-53e8d4c elementor-widget elementor-widget-image\" data-id=\"53e8d4c\" data-element_type=\"widget\" data-e-type=\"widget\" data-widget_type=\"image.default\">\n\t\t\t\t<div class=\"elementor-widget-container\">\n\t\t\t\t\t\t\t\t\t\t\t\t\t\t\t<img decoding=\"async\" width=\"800\" height=\"450\" src=\"https:\/\/halter.com.pe\/wp-content\/uploads\/2024\/08\/CENTRIFUGA-DECANTADORA-CLARIFICADORA-SERIE-C-2.jpg\" class=\"attachment-large size-large wp-image-1525\" alt=\"Centr\u00edfuga decantadora clasificadora\" srcset=\"https:\/\/halter.com.pe\/wp-content\/uploads\/2024\/08\/CENTRIFUGA-DECANTADORA-CLARIFICADORA-SERIE-C-2.jpg 800w, https:\/\/halter.com.pe\/wp-content\/uploads\/2024\/08\/CENTRIFUGA-DECANTADORA-CLARIFICADORA-SERIE-C-2-300x169.jpg 300w, https:\/\/halter.com.pe\/wp-content\/uploads\/2024\/08\/CENTRIFUGA-DECANTADORA-CLARIFICADORA-SERIE-C-2-768x432.jpg 768w\" sizes=\"(max-width: 800px) 100vw, 800px\" \/>\t\t\t\t\t\t\t\t\t\t\t\t\t\t\t<\/div>\n\t\t\t\t<\/div>\n\t\t\t\t<\/div>\n\t\t\t\t\t<\/div>\n\t\t\t\t<\/div>\n\t\t<div class=\"elementor-element elementor-element-31a042a e-flex e-con-boxed e-con e-parent\" data-id=\"31a042a\" data-element_type=\"container\" data-e-type=\"container\">\n\t\t\t\t\t<div class=\"e-con-inner\">\n\t\t\t\t<div class=\"elementor-element elementor-element-1ffcb3c elementor-widget elementor-widget-heading\" data-id=\"1ffcb3c\" data-element_type=\"widget\" data-e-type=\"widget\" data-widget_type=\"heading.default\">\n\t\t\t\t<div class=\"elementor-widget-container\">\n\t\t\t\t\t<h2 class=\"elementor-heading-title elementor-size-default\">MATERIAL APLICABLE PARA DECANTADORA CLARIFICADORA:<\/h2>\t\t\t\t<\/div>\n\t\t\t\t<\/div>\n\t\t\t\t\t<\/div>\n\t\t\t\t<\/div>\n\t\t<div class=\"elementor-element elementor-element-1475518 e-flex e-con-boxed e-con e-parent\" data-id=\"1475518\" data-element_type=\"container\" data-e-type=\"container\">\n\t\t\t\t\t<div class=\"e-con-inner\">\n\t\t\t\t<div class=\"elementor-element elementor-element-56a1838 elementor-widget elementor-widget-text-editor\" data-id=\"56a1838\" data-element_type=\"widget\" data-e-type=\"widget\" data-widget_type=\"text-editor.default\">\n\t\t\t\t<div class=\"elementor-widget-container\">\n\t\t\t\t\t\t\t\t\t<ul class=\"featured-list\"><li>Aceite comestible: separaci\u00f3n y extracci\u00f3n de aceite de palma, aceite de oliva, aceite de s\u00e9samo, aceite de pescado y otros aceites crudos.<\/li><li>Prote\u00edna vegetal: separaci\u00f3n y extracci\u00f3n de prote\u00edna vegetal como prote\u00edna de soja, prote\u00edna de guisante, prote\u00edna de papa<\/li><li>Prote\u00edna animal: separaci\u00f3n y extracci\u00f3n de prote\u00edna animal como prote\u00edna de harina de pescado, prote\u00edna de cerebro de cerdo, prote\u00edna de tripa, etc.<\/li><li>Biocombustible: tratamiento y reciclaje de etanol combustible, granos de destiler\u00eda y granos usados<\/li><li>Otros: industria de bebidas, industria hortofrut\u00edcola y alimentaria, clarificaci\u00f3n, extracci\u00f3n y reciclaje de materias primas animales.<\/li><\/ul>\t\t\t\t\t\t\t\t<\/div>\n\t\t\t\t<\/div>\n\t\t\t\t\t<\/div>\n\t\t\t\t<\/div>\n\t\t<div class=\"elementor-element elementor-element-785fad9 e-flex e-con-boxed e-con e-parent\" data-id=\"785fad9\" data-element_type=\"container\" data-e-type=\"container\">\n\t\t\t\t\t<div class=\"e-con-inner\">\n\t\t\t\t<div class=\"elementor-element elementor-element-3febcd2 elementor-widget elementor-widget-heading\" data-id=\"3febcd2\" data-element_type=\"widget\" data-e-type=\"widget\" data-widget_type=\"heading.default\">\n\t\t\t\t<div class=\"elementor-widget-container\">\n\t\t\t\t\t<h2 class=\"elementor-heading-title elementor-size-default\">ESPECIFICACIONES:<\/h2>\t\t\t\t<\/div>\n\t\t\t\t<\/div>\n\t\t\t\t\t<\/div>\n\t\t\t\t<\/div>\n\t\t<div class=\"elementor-element elementor-element-c6a346c e-flex e-con-boxed e-con e-parent\" data-id=\"c6a346c\" data-element_type=\"container\" data-e-type=\"container\">\n\t\t\t\t\t<div class=\"e-con-inner\">\n\t\t\t\t<div class=\"elementor-element elementor-element-03d940b elementor-widget elementor-widget-image\" data-id=\"03d940b\" data-element_type=\"widget\" data-e-type=\"widget\" data-widget_type=\"image.default\">\n\t\t\t\t<div class=\"elementor-widget-container\">\n\t\t\t\t\t\t\t\t\t\t\t\t\t\t\t<img decoding=\"async\" width=\"800\" height=\"503\" src=\"https:\/\/halter.com.pe\/wp-content\/uploads\/2024\/08\/ESPECIFICACION-DE-LA-CENTRIFUGA-CLARIFICADORA-SERIE-C.png\" class=\"attachment-large size-large wp-image-1526\" alt=\"\" srcset=\"https:\/\/halter.com.pe\/wp-content\/uploads\/2024\/08\/ESPECIFICACION-DE-LA-CENTRIFUGA-CLARIFICADORA-SERIE-C.png 1002w, https:\/\/halter.com.pe\/wp-content\/uploads\/2024\/08\/ESPECIFICACION-DE-LA-CENTRIFUGA-CLARIFICADORA-SERIE-C-300x189.png 300w, https:\/\/halter.com.pe\/wp-content\/uploads\/2024\/08\/ESPECIFICACION-DE-LA-CENTRIFUGA-CLARIFICADORA-SERIE-C-768x483.png 768w\" sizes=\"(max-width: 800px) 100vw, 800px\" \/>\t\t\t\t\t\t\t\t\t\t\t\t\t\t\t<\/div>\n\t\t\t\t<\/div>\n\t\t\t\t\t<\/div>\n\t\t\t\t<\/div>\n\t\t<div class=\"elementor-element elementor-element-5968f5b e-flex e-con-boxed e-con e-parent\" data-id=\"5968f5b\" data-element_type=\"container\" data-e-type=\"container\">\n\t\t\t\t\t<div class=\"e-con-inner\">\n\t\t\t\t<div class=\"elementor-element elementor-element-38b7c1c elementor-widget elementor-widget-heading\" data-id=\"38b7c1c\" data-element_type=\"widget\" data-e-type=\"widget\" data-widget_type=\"heading.default\">\n\t\t\t\t<div class=\"elementor-widget-container\">\n\t\t\t\t\t<h2 class=\"elementor-heading-title elementor-size-default\">CARACTER\u00cdSTICAS DE CENTR\u00cdFUGA CLARIFICADORA SERIE C<\/h2>\t\t\t\t<\/div>\n\t\t\t\t<\/div>\n\t\t\t\t\t<\/div>\n\t\t\t\t<\/div>\n\t\t<div class=\"elementor-element elementor-element-7f5edfb e-flex e-con-boxed e-con e-parent\" data-id=\"7f5edfb\" data-element_type=\"container\" data-e-type=\"container\">\n\t\t\t\t\t<div class=\"e-con-inner\">\n\t\t\t\t<div class=\"elementor-element elementor-element-f38d70f elementor-widget elementor-widget-text-editor\" data-id=\"f38d70f\" data-element_type=\"widget\" data-e-type=\"widget\" data-widget_type=\"text-editor.default\">\n\t\t\t\t<div class=\"elementor-widget-container\">\n\t\t\t\t\t\t\t\t\t<ul><li>La centr\u00edfuga decantadora clarificadora serie C puede dise\u00f1arse y <strong>fabricarse<\/strong> de acuerdo con los requisitos sanitarios aplicables al campo <strong>alimentario<\/strong> y <strong>farmac\u00e9utico<\/strong>.<\/li><\/ul><ul class=\"featured-list\"><li>Las tapas del eje y\u00a0 taz\u00f3n est\u00e1n hechas de acero inoxidable d\u00faplex SUS2205 o SUS2304 por fundici\u00f3n centr\u00edfuga.<\/li><li>La hoja del tornillo es presionada por el equipo de formaci\u00f3n de hojas en espiral CNC, logrando una <strong>mayor eficiencia de transporte de escoria<\/strong> que la hoja de tornillo de estirado tradicional.<\/li><li>La h\u00e9lice de tornillo est\u00e1 protegida por una placa de aleaci\u00f3n reemplazable resistente al desgaste.<\/li><li>El cojinete principal adopta cojinetes premium de gama alta de la <strong>serie SKF.<\/strong><\/li><li>Dependiendo de la elecci\u00f3n del usuario, tambi\u00e9n se puede equipar con un <strong>sistema de lubricaci\u00f3n autom\u00e1tico<\/strong>.<\/li><li>Con sistema completo de monitorizaci\u00f3n y alarma de la m\u00e1quina.\u00a0<\/li><li>De acuerdo con los requisitos del usuario, tambi\u00e9n se puede proporcionar el panel de control VFD con <strong>certificados a prueba de explosi\u00f3n<\/strong> en el pa\u00eds y en el extranjero, como <strong>CNEX,<\/strong>\u00a0<strong>ATEX,<\/strong>\u00a0<strong>IECEX<\/strong><\/li><\/ul>\t\t\t\t\t\t\t\t<\/div>\n\t\t\t\t<\/div>\n\t\t\t\t\t<\/div>\n\t\t\t\t<\/div>\n\t\t<div class=\"elementor-element elementor-element-7702f04 e-flex e-con-boxed e-con e-parent\" data-id=\"7702f04\" data-element_type=\"container\" data-e-type=\"container\">\n\t\t\t\t\t<div class=\"e-con-inner\">\n\t\t\t\t<div class=\"elementor-element elementor-element-30cb261 elementor-widget-divider--view-line elementor-widget elementor-widget-divider\" data-id=\"30cb261\" data-element_type=\"widget\" data-e-type=\"widget\" data-widget_type=\"divider.default\">\n\t\t\t\t<div class=\"elementor-widget-container\">\n\t\t\t\t\t\t\t<div class=\"elementor-divider\">\n\t\t\t<span class=\"elementor-divider-separator\">\n\t\t\t\t\t\t<\/span>\n\t\t<\/div>\n\t\t\t\t\t\t<\/div>\n\t\t\t\t<\/div>\n\t\t\t\t\t<\/div>\n\t\t\t\t<\/div>\n\t\t\t\t<\/div>\n\t\t","protected":false},"excerpt":{"rendered":"<p>CENTR\u00cdFUGA DECANTADORA CLARIFICADORA (SERIE C) La Centr\u00edfuga decantadora clarificadora es una centr\u00edfuga decantadora de la serie C con un \u00e1ngulo de playa de 20 grados. Las centr\u00edfugas decantadoras GN clarificadoras est\u00e1n dise\u00f1adas para la separaci\u00f3n continua de suspensiones en s\u00f3lidos y l\u00edquidos clarificados, sin interrumpir la alimentaci\u00f3n de la suspensi\u00f3n. Es adecuado para material de [&hellip;]<\/p>\n","protected":false},"author":1,"featured_media":0,"parent":1499,"menu_order":0,"comment_status":"closed","ping_status":"closed","template":"","meta":{"footnotes":""},"class_list":["post-1514","page","type-page","status-publish","hentry"],"yoast_head":"<!-- This site is optimized with the Yoast SEO plugin v27.3 - https:\/\/yoast.com\/product\/yoast-seo-wordpress\/ -->\n<title>Centr\u00edfuga decantadora clarificadora (Serie C) - Halter<\/title>\n<meta name=\"description\" content=\"La centr\u00edfuga decantadora clarificadora est\u00e1 dise\u00f1ada para la separaci\u00f3n continua de suspensiones en s\u00f3lidos y l\u00edquidos clarificados.\" \/>\n<meta name=\"robots\" content=\"index, follow, max-snippet:-1, max-image-preview:large, max-video-preview:-1\" \/>\n<link rel=\"canonical\" href=\"https:\/\/halter.com.pe\/index.php\/productos\/centrifuga-decantadora\/centrifuga-decantadora-de-deshidratacion-serie-c\/\" \/>\n<meta property=\"og:locale\" content=\"es_ES\" \/>\n<meta property=\"og:type\" content=\"article\" \/>\n<meta property=\"og:title\" content=\"Centr\u00edfuga decantadora clarificadora (Serie C) - Halter\" \/>\n<meta property=\"og:description\" content=\"La centr\u00edfuga decantadora clarificadora est\u00e1 dise\u00f1ada para la separaci\u00f3n continua de suspensiones en s\u00f3lidos y l\u00edquidos clarificados.\" \/>\n<meta property=\"og:url\" content=\"https:\/\/halter.com.pe\/index.php\/productos\/centrifuga-decantadora\/centrifuga-decantadora-de-deshidratacion-serie-c\/\" \/>\n<meta property=\"og:site_name\" content=\"Halter\" \/>\n<meta property=\"article:modified_time\" content=\"2024-10-30T22:33:57+00:00\" \/>\n<meta property=\"og:image\" content=\"https:\/\/halter.com.pe\/wp-content\/uploads\/2024\/08\/CENTRIFUGA-DECANTADORA-CLARIFICADORA-SERIE-C.jpg\" \/>\n\t<meta property=\"og:image:width\" content=\"800\" \/>\n\t<meta property=\"og:image:height\" content=\"450\" \/>\n\t<meta property=\"og:image:type\" content=\"image\/jpeg\" \/>\n<meta name=\"twitter:card\" content=\"summary_large_image\" \/>\n<meta name=\"twitter:label1\" content=\"Tiempo de lectura\" \/>\n\t<meta name=\"twitter:data1\" content=\"3 minutos\" \/>\n<script type=\"application\/ld+json\" class=\"yoast-schema-graph\">{\"@context\":\"https:\\\/\\\/schema.org\",\"@graph\":[{\"@type\":\"WebPage\",\"@id\":\"https:\\\/\\\/halter.com.pe\\\/index.php\\\/productos\\\/centrifuga-decantadora\\\/centrifuga-decantadora-de-deshidratacion-serie-c\\\/\",\"url\":\"https:\\\/\\\/halter.com.pe\\\/index.php\\\/productos\\\/centrifuga-decantadora\\\/centrifuga-decantadora-de-deshidratacion-serie-c\\\/\",\"name\":\"Centr\u00edfuga decantadora clarificadora (Serie C) - Halter\",\"isPartOf\":{\"@id\":\"https:\\\/\\\/halter.com.pe\\\/#website\"},\"primaryImageOfPage\":{\"@id\":\"https:\\\/\\\/halter.com.pe\\\/index.php\\\/productos\\\/centrifuga-decantadora\\\/centrifuga-decantadora-de-deshidratacion-serie-c\\\/#primaryimage\"},\"image\":{\"@id\":\"https:\\\/\\\/halter.com.pe\\\/index.php\\\/productos\\\/centrifuga-decantadora\\\/centrifuga-decantadora-de-deshidratacion-serie-c\\\/#primaryimage\"},\"thumbnailUrl\":\"https:\\\/\\\/halter.com.pe\\\/wp-content\\\/uploads\\\/2024\\\/08\\\/CENTRIFUGA-DECANTADORA-CLARIFICADORA-SERIE-C.jpg\",\"datePublished\":\"2024-08-05T20:38:52+00:00\",\"dateModified\":\"2024-10-30T22:33:57+00:00\",\"description\":\"La centr\u00edfuga decantadora clarificadora est\u00e1 dise\u00f1ada para la separaci\u00f3n continua de suspensiones en s\u00f3lidos y l\u00edquidos clarificados.\",\"breadcrumb\":{\"@id\":\"https:\\\/\\\/halter.com.pe\\\/index.php\\\/productos\\\/centrifuga-decantadora\\\/centrifuga-decantadora-de-deshidratacion-serie-c\\\/#breadcrumb\"},\"inLanguage\":\"es\",\"potentialAction\":[{\"@type\":\"ReadAction\",\"target\":[\"https:\\\/\\\/halter.com.pe\\\/index.php\\\/productos\\\/centrifuga-decantadora\\\/centrifuga-decantadora-de-deshidratacion-serie-c\\\/\"]}]},{\"@type\":\"ImageObject\",\"inLanguage\":\"es\",\"@id\":\"https:\\\/\\\/halter.com.pe\\\/index.php\\\/productos\\\/centrifuga-decantadora\\\/centrifuga-decantadora-de-deshidratacion-serie-c\\\/#primaryimage\",\"url\":\"https:\\\/\\\/halter.com.pe\\\/wp-content\\\/uploads\\\/2024\\\/08\\\/CENTRIFUGA-DECANTADORA-CLARIFICADORA-SERIE-C.jpg\",\"contentUrl\":\"https:\\\/\\\/halter.com.pe\\\/wp-content\\\/uploads\\\/2024\\\/08\\\/CENTRIFUGA-DECANTADORA-CLARIFICADORA-SERIE-C.jpg\",\"width\":800,\"height\":450,\"caption\":\"Centr\u00edfuga decantadora clasificadora para mineras\"},{\"@type\":\"BreadcrumbList\",\"@id\":\"https:\\\/\\\/halter.com.pe\\\/index.php\\\/productos\\\/centrifuga-decantadora\\\/centrifuga-decantadora-de-deshidratacion-serie-c\\\/#breadcrumb\",\"itemListElement\":[{\"@type\":\"ListItem\",\"position\":1,\"name\":\"Portada\",\"item\":\"https:\\\/\\\/halter.com.pe\\\/\"},{\"@type\":\"ListItem\",\"position\":2,\"name\":\"Productos\",\"item\":\"https:\\\/\\\/halter.com.pe\\\/index.php\\\/productos\\\/\"},{\"@type\":\"ListItem\",\"position\":3,\"name\":\"Centr\u00edfuga Decantadora\",\"item\":\"https:\\\/\\\/halter.com.pe\\\/index.php\\\/productos\\\/centrifuga-decantadora\\\/\"},{\"@type\":\"ListItem\",\"position\":4,\"name\":\"Centr\u00edfuga decantadora clarificadora (Serie C)\"}]},{\"@type\":\"WebSite\",\"@id\":\"https:\\\/\\\/halter.com.pe\\\/#website\",\"url\":\"https:\\\/\\\/halter.com.pe\\\/\",\"name\":\"Halter\",\"description\":\"Especialista en equipos de control de minerales, petr\u00f3leo y gas\",\"publisher\":{\"@id\":\"https:\\\/\\\/halter.com.pe\\\/#organization\"},\"potentialAction\":[{\"@type\":\"SearchAction\",\"target\":{\"@type\":\"EntryPoint\",\"urlTemplate\":\"https:\\\/\\\/halter.com.pe\\\/?s={search_term_string}\"},\"query-input\":{\"@type\":\"PropertyValueSpecification\",\"valueRequired\":true,\"valueName\":\"search_term_string\"}}],\"inLanguage\":\"es\"},{\"@type\":\"Organization\",\"@id\":\"https:\\\/\\\/halter.com.pe\\\/#organization\",\"name\":\"Halter\",\"url\":\"https:\\\/\\\/halter.com.pe\\\/\",\"logo\":{\"@type\":\"ImageObject\",\"inLanguage\":\"es\",\"@id\":\"https:\\\/\\\/halter.com.pe\\\/#\\\/schema\\\/logo\\\/image\\\/\",\"url\":\"https:\\\/\\\/halter.com.pe\\\/wp-content\\\/uploads\\\/2024\\\/11\\\/R-removebg-preview.png\",\"contentUrl\":\"https:\\\/\\\/halter.com.pe\\\/wp-content\\\/uploads\\\/2024\\\/11\\\/R-removebg-preview.png\",\"width\":350,\"height\":100,\"caption\":\"Halter\"},\"image\":{\"@id\":\"https:\\\/\\\/halter.com.pe\\\/#\\\/schema\\\/logo\\\/image\\\/\"},\"sameAs\":[\"https:\\\/\\\/www.instagram.com\\\/halter_pe\\\/\",\"https:\\\/\\\/www.linkedin.com\\\/company\\\/halter-peru\\\/?viewAsMember=true\",\"https:\\\/\\\/www.youtube.com\\\/channel\\\/UCz4H8oYgooBK7uZ-s_1qvQg\"]}]}<\/script>\n<!-- \/ Yoast SEO plugin. -->","yoast_head_json":{"title":"Centr\u00edfuga decantadora clarificadora (Serie C) - Halter","description":"La centr\u00edfuga decantadora clarificadora est\u00e1 dise\u00f1ada para la separaci\u00f3n continua de suspensiones en s\u00f3lidos y l\u00edquidos clarificados.","robots":{"index":"index","follow":"follow","max-snippet":"max-snippet:-1","max-image-preview":"max-image-preview:large","max-video-preview":"max-video-preview:-1"},"canonical":"https:\/\/halter.com.pe\/index.php\/productos\/centrifuga-decantadora\/centrifuga-decantadora-de-deshidratacion-serie-c\/","og_locale":"es_ES","og_type":"article","og_title":"Centr\u00edfuga decantadora clarificadora (Serie C) - Halter","og_description":"La centr\u00edfuga decantadora clarificadora est\u00e1 dise\u00f1ada para la separaci\u00f3n continua de suspensiones en s\u00f3lidos y l\u00edquidos clarificados.","og_url":"https:\/\/halter.com.pe\/index.php\/productos\/centrifuga-decantadora\/centrifuga-decantadora-de-deshidratacion-serie-c\/","og_site_name":"Halter","article_modified_time":"2024-10-30T22:33:57+00:00","og_image":[{"width":800,"height":450,"url":"https:\/\/halter.com.pe\/wp-content\/uploads\/2024\/08\/CENTRIFUGA-DECANTADORA-CLARIFICADORA-SERIE-C.jpg","type":"image\/jpeg"}],"twitter_card":"summary_large_image","twitter_misc":{"Tiempo de lectura":"3 minutos"},"schema":{"@context":"https:\/\/schema.org","@graph":[{"@type":"WebPage","@id":"https:\/\/halter.com.pe\/index.php\/productos\/centrifuga-decantadora\/centrifuga-decantadora-de-deshidratacion-serie-c\/","url":"https:\/\/halter.com.pe\/index.php\/productos\/centrifuga-decantadora\/centrifuga-decantadora-de-deshidratacion-serie-c\/","name":"Centr\u00edfuga decantadora clarificadora (Serie C) - Halter","isPartOf":{"@id":"https:\/\/halter.com.pe\/#website"},"primaryImageOfPage":{"@id":"https:\/\/halter.com.pe\/index.php\/productos\/centrifuga-decantadora\/centrifuga-decantadora-de-deshidratacion-serie-c\/#primaryimage"},"image":{"@id":"https:\/\/halter.com.pe\/index.php\/productos\/centrifuga-decantadora\/centrifuga-decantadora-de-deshidratacion-serie-c\/#primaryimage"},"thumbnailUrl":"https:\/\/halter.com.pe\/wp-content\/uploads\/2024\/08\/CENTRIFUGA-DECANTADORA-CLARIFICADORA-SERIE-C.jpg","datePublished":"2024-08-05T20:38:52+00:00","dateModified":"2024-10-30T22:33:57+00:00","description":"La centr\u00edfuga decantadora clarificadora est\u00e1 dise\u00f1ada para la separaci\u00f3n continua de suspensiones en s\u00f3lidos y l\u00edquidos clarificados.","breadcrumb":{"@id":"https:\/\/halter.com.pe\/index.php\/productos\/centrifuga-decantadora\/centrifuga-decantadora-de-deshidratacion-serie-c\/#breadcrumb"},"inLanguage":"es","potentialAction":[{"@type":"ReadAction","target":["https:\/\/halter.com.pe\/index.php\/productos\/centrifuga-decantadora\/centrifuga-decantadora-de-deshidratacion-serie-c\/"]}]},{"@type":"ImageObject","inLanguage":"es","@id":"https:\/\/halter.com.pe\/index.php\/productos\/centrifuga-decantadora\/centrifuga-decantadora-de-deshidratacion-serie-c\/#primaryimage","url":"https:\/\/halter.com.pe\/wp-content\/uploads\/2024\/08\/CENTRIFUGA-DECANTADORA-CLARIFICADORA-SERIE-C.jpg","contentUrl":"https:\/\/halter.com.pe\/wp-content\/uploads\/2024\/08\/CENTRIFUGA-DECANTADORA-CLARIFICADORA-SERIE-C.jpg","width":800,"height":450,"caption":"Centr\u00edfuga decantadora clasificadora para mineras"},{"@type":"BreadcrumbList","@id":"https:\/\/halter.com.pe\/index.php\/productos\/centrifuga-decantadora\/centrifuga-decantadora-de-deshidratacion-serie-c\/#breadcrumb","itemListElement":[{"@type":"ListItem","position":1,"name":"Portada","item":"https:\/\/halter.com.pe\/"},{"@type":"ListItem","position":2,"name":"Productos","item":"https:\/\/halter.com.pe\/index.php\/productos\/"},{"@type":"ListItem","position":3,"name":"Centr\u00edfuga Decantadora","item":"https:\/\/halter.com.pe\/index.php\/productos\/centrifuga-decantadora\/"},{"@type":"ListItem","position":4,"name":"Centr\u00edfuga decantadora clarificadora (Serie C)"}]},{"@type":"WebSite","@id":"https:\/\/halter.com.pe\/#website","url":"https:\/\/halter.com.pe\/","name":"Halter","description":"Especialista en equipos de control de minerales, petr\u00f3leo y gas","publisher":{"@id":"https:\/\/halter.com.pe\/#organization"},"potentialAction":[{"@type":"SearchAction","target":{"@type":"EntryPoint","urlTemplate":"https:\/\/halter.com.pe\/?s={search_term_string}"},"query-input":{"@type":"PropertyValueSpecification","valueRequired":true,"valueName":"search_term_string"}}],"inLanguage":"es"},{"@type":"Organization","@id":"https:\/\/halter.com.pe\/#organization","name":"Halter","url":"https:\/\/halter.com.pe\/","logo":{"@type":"ImageObject","inLanguage":"es","@id":"https:\/\/halter.com.pe\/#\/schema\/logo\/image\/","url":"https:\/\/halter.com.pe\/wp-content\/uploads\/2024\/11\/R-removebg-preview.png","contentUrl":"https:\/\/halter.com.pe\/wp-content\/uploads\/2024\/11\/R-removebg-preview.png","width":350,"height":100,"caption":"Halter"},"image":{"@id":"https:\/\/halter.com.pe\/#\/schema\/logo\/image\/"},"sameAs":["https:\/\/www.instagram.com\/halter_pe\/","https:\/\/www.linkedin.com\/company\/halter-peru\/?viewAsMember=true","https:\/\/www.youtube.com\/channel\/UCz4H8oYgooBK7uZ-s_1qvQg"]}]}},"_links":{"self":[{"href":"https:\/\/halter.com.pe\/index.php\/wp-json\/wp\/v2\/pages\/1514","targetHints":{"allow":["GET"]}}],"collection":[{"href":"https:\/\/halter.com.pe\/index.php\/wp-json\/wp\/v2\/pages"}],"about":[{"href":"https:\/\/halter.com.pe\/index.php\/wp-json\/wp\/v2\/types\/page"}],"author":[{"embeddable":true,"href":"https:\/\/halter.com.pe\/index.php\/wp-json\/wp\/v2\/users\/1"}],"replies":[{"embeddable":true,"href":"https:\/\/halter.com.pe\/index.php\/wp-json\/wp\/v2\/comments?post=1514"}],"version-history":[{"count":45,"href":"https:\/\/halter.com.pe\/index.php\/wp-json\/wp\/v2\/pages\/1514\/revisions"}],"predecessor-version":[{"id":2180,"href":"https:\/\/halter.com.pe\/index.php\/wp-json\/wp\/v2\/pages\/1514\/revisions\/2180"}],"up":[{"embeddable":true,"href":"https:\/\/halter.com.pe\/index.php\/wp-json\/wp\/v2\/pages\/1499"}],"wp:attachment":[{"href":"https:\/\/halter.com.pe\/index.php\/wp-json\/wp\/v2\/media?parent=1514"}],"curies":[{"name":"wp","href":"https:\/\/api.w.org\/{rel}","templated":true}]}}