{"id":1510,"date":"2024-08-05T20:38:20","date_gmt":"2024-08-05T20:38:20","guid":{"rendered":"https:\/\/halter.com.pe\/?page_id=1510"},"modified":"2024-09-27T17:09:59","modified_gmt":"2024-09-27T17:09:59","slug":"centrifuga-decantadora-de-deshidratacion","status":"publish","type":"page","link":"https:\/\/halter.com.pe\/index.php\/productos\/centrifuga-decantadora\/centrifuga-decantadora-de-deshidratacion\/","title":{"rendered":"Centr\u00edfuga decantadora de deshidrataci\u00f3n (Serie T)"},"content":{"rendered":"\t\t<div data-elementor-type=\"wp-page\" data-elementor-id=\"1510\" class=\"elementor elementor-1510\">\n\t\t\t\t<div class=\"elementor-element elementor-element-e7d1d31 e-con-full e-flex e-con e-parent\" data-id=\"e7d1d31\" data-element_type=\"container\" data-e-type=\"container\" data-settings=\"{&quot;background_background&quot;:&quot;classic&quot;}\">\n\t\t\t\t<\/div>\n\t\t<div class=\"elementor-element elementor-element-ab985ee e-flex e-con-boxed e-con e-parent\" data-id=\"ab985ee\" data-element_type=\"container\" data-e-type=\"container\">\n\t\t\t\t\t<div class=\"e-con-inner\">\n\t\t\t\t<div class=\"elementor-element elementor-element-c213eee elementor-widget-divider--view-line elementor-widget elementor-widget-divider\" data-id=\"c213eee\" data-element_type=\"widget\" data-e-type=\"widget\" data-widget_type=\"divider.default\">\n\t\t\t\t<div class=\"elementor-widget-container\">\n\t\t\t\t\t\t\t<div class=\"elementor-divider\">\n\t\t\t<span class=\"elementor-divider-separator\">\n\t\t\t\t\t\t<\/span>\n\t\t<\/div>\n\t\t\t\t\t\t<\/div>\n\t\t\t\t<\/div>\n\t\t\t\t<div class=\"elementor-element elementor-element-79c655f elementor-widget elementor-widget-heading\" data-id=\"79c655f\" data-element_type=\"widget\" data-e-type=\"widget\" data-widget_type=\"heading.default\">\n\t\t\t\t<div class=\"elementor-widget-container\">\n\t\t\t\t\t<h2 class=\"elementor-heading-title elementor-size-default\">CENTR\u00cdFUGA DECANTADORA DE DESHIDRATACI\u00d3N (SERIE T)<\/h2>\t\t\t\t<\/div>\n\t\t\t\t<\/div>\n\t\t\t\t<div class=\"elementor-element elementor-element-df9f06e elementor-widget elementor-widget-heading\" data-id=\"df9f06e\" data-element_type=\"widget\" data-e-type=\"widget\" data-widget_type=\"heading.default\">\n\t\t\t\t<div class=\"elementor-widget-container\">\n\t\t\t\t\t<h3 class=\"elementor-heading-title elementor-size-default\">La revoluci\u00f3n en la deshidrataci\u00f3n centr\u00edfuga de lodos<\/h3>\t\t\t\t<\/div>\n\t\t\t\t<\/div>\n\t\t\t\t\t<\/div>\n\t\t\t\t<\/div>\n\t\t<div class=\"elementor-element elementor-element-6fa68a1 e-flex e-con-boxed e-con e-parent\" data-id=\"6fa68a1\" data-element_type=\"container\" data-e-type=\"container\">\n\t\t\t\t\t<div class=\"e-con-inner\">\n\t\t<div class=\"elementor-element elementor-element-7da6988 e-con-full e-flex e-con e-child\" data-id=\"7da6988\" data-element_type=\"container\" data-e-type=\"container\">\n\t\t\t\t<div class=\"elementor-element elementor-element-f412917 elementor-widget elementor-widget-text-editor\" data-id=\"f412917\" data-element_type=\"widget\" data-e-type=\"widget\" data-widget_type=\"text-editor.default\">\n\t\t\t\t<div class=\"elementor-widget-container\">\n\t\t\t\t\t\t\t\t\t<p><span class=\"OYPEnA font-feature-liga-off font-feature-clig-off font-feature-calt-off text-decoration-none text-strikethrough-none\">La centr\u00edfuga decantadora de la serie T se utiliza generalmente con fines de deshidrataci\u00f3n y espesamiento. Es ampliamente utilizado para los requerimientos m\u00e1ximos de deshidrataci\u00f3n de lodos de aguas residuales municipales e industriales. Est\u00e1 dise\u00f1ado para una separaci\u00f3n f\u00e1cil de materiales que incluyen un tama\u00f1o de part\u00edcula grande, una alta diferencia de densidad entre s\u00f3lidos y l\u00edquidos, baja viscosidad, alta concentraci\u00f3n, alta capacidad de tratamiento y mayor sequedad que claridad. Materiales como lodos o aguas residuales que contienen part\u00edculas finas usualmente necesitan la adici\u00f3n de floculantes para agrupar las part\u00edculas finas en grandes, y luego ser deshidratados con el centr\u00edfugo decantador de la serie T.<\/span><\/p>\t\t\t\t\t\t\t\t<\/div>\n\t\t\t\t<\/div>\n\t\t\t\t<\/div>\n\t\t<div class=\"elementor-element elementor-element-8ec46b3 e-con-full e-flex e-con e-child\" data-id=\"8ec46b3\" data-element_type=\"container\" data-e-type=\"container\">\n\t\t\t\t<div class=\"elementor-element elementor-element-1cac09a elementor-widget elementor-widget-text-editor\" data-id=\"1cac09a\" data-element_type=\"widget\" data-e-type=\"widget\" data-widget_type=\"text-editor.default\">\n\t\t\t\t<div class=\"elementor-widget-container\">\n\t\t\t\t\t\t\t\t\t<ul><li><span class=\"OYPEnA font-feature-liga-off font-feature-clig-off font-feature-calt-off text-decoration-none text-strikethrough-none\">Aguas residuales de protecci\u00f3n ambiental,<\/span> <span class=\"OYPEnA font-feature-liga-off font-feature-clig-off font-feature-calt-off text-decoration-none text-strikethrough-none\">de fundici\u00f3n de precisi\u00f3n, aguas de lavado de arena, mineral, industriales, acuicultura, etc.<\/span><\/li><li><span class=\"OYPEnA font-feature-liga-off font-feature-clig-off font-feature-calt-off text-decoration-none text-strikethrough-none\">Lodos aceitosos, de construcci\u00f3n, de petr\u00f3leo, lodos blancos de soda y deshidrataci\u00f3n de lodos salinos.<\/span><\/li><li><span class=\"OYPEnA font-feature-liga-off font-feature-clig-off font-feature-calt-off text-decoration-none text-strikethrough-none\">Clasificaci\u00f3n de caol\u00edn, carbonato de calcio, bentonita, s\u00edlice, di\u00f3xido de titanio, sulfato de calcio, sulfato de bario, soluci\u00f3n de pulido de vidrio de pel\u00edcula conductora, hidr\u00f3xido de aluminio, criollito, silicato.<\/span><\/li><li><span class=\"OYPEnA font-feature-liga-off font-feature-clig-off font-feature-calt-off text-decoration-none text-strikethrough-none\">Separaci\u00f3n de arenas petrol\u00edferas, aceite de arrastre, carb\u00f3n de hulla, fertilizante inorg\u00e1nico y otras aplicaciones.<\/span><\/li><\/ul>\t\t\t\t\t\t\t\t<\/div>\n\t\t\t\t<\/div>\n\t\t\t\t<div class=\"elementor-element elementor-element-baa4d58 elementor-align-center elementor-widget elementor-widget-button\" data-id=\"baa4d58\" data-element_type=\"widget\" data-e-type=\"widget\" data-widget_type=\"button.default\">\n\t\t\t\t<div class=\"elementor-widget-container\">\n\t\t\t\t\t\t\t\t\t<div class=\"elementor-button-wrapper\">\n\t\t\t\t\t<a class=\"elementor-button elementor-button-link elementor-size-sm\" href=\"https:\/\/halter.com.pe\/index.php\/contacto\/\">\n\t\t\t\t\t\t<span class=\"elementor-button-content-wrapper\">\n\t\t\t\t\t\t\t\t\t<span class=\"elementor-button-text\">Cont\u00e1ctanos<\/span>\n\t\t\t\t\t<\/span>\n\t\t\t\t\t<\/a>\n\t\t\t\t<\/div>\n\t\t\t\t\t\t\t\t<\/div>\n\t\t\t\t<\/div>\n\t\t\t\t<\/div>\n\t\t\t\t\t<\/div>\n\t\t\t\t<\/div>\n\t\t<div class=\"elementor-element elementor-element-4737301 e-flex e-con-boxed e-con e-parent\" data-id=\"4737301\" data-element_type=\"container\" data-e-type=\"container\">\n\t\t\t\t\t<div class=\"e-con-inner\">\n\t\t<div class=\"elementor-element elementor-element-c2ca96b e-con-full e-flex e-con e-child\" data-id=\"c2ca96b\" data-element_type=\"container\" data-e-type=\"container\">\n\t\t\t\t<div class=\"elementor-element elementor-element-10e08b2 elementor-widget elementor-widget-image\" data-id=\"10e08b2\" data-element_type=\"widget\" data-e-type=\"widget\" data-widget_type=\"image.default\">\n\t\t\t\t<div class=\"elementor-widget-container\">\n\t\t\t\t\t\t\t\t\t\t\t\t\t\t\t<img fetchpriority=\"high\" decoding=\"async\" width=\"800\" height=\"450\" src=\"https:\/\/halter.com.pe\/wp-content\/uploads\/2024\/08\/centrifuga-decantadora-serie-t.jpg\" class=\"attachment-large size-large wp-image-1503\" alt=\"centr\u00edfuga decantadora serie t para la industria petrolera\" srcset=\"https:\/\/halter.com.pe\/wp-content\/uploads\/2024\/08\/centrifuga-decantadora-serie-t.jpg 800w, https:\/\/halter.com.pe\/wp-content\/uploads\/2024\/08\/centrifuga-decantadora-serie-t-300x169.jpg 300w, https:\/\/halter.com.pe\/wp-content\/uploads\/2024\/08\/centrifuga-decantadora-serie-t-768x432.jpg 768w\" sizes=\"(max-width: 800px) 100vw, 800px\" \/>\t\t\t\t\t\t\t\t\t\t\t\t\t\t\t<\/div>\n\t\t\t\t<\/div>\n\t\t\t\t<\/div>\n\t\t<div class=\"elementor-element elementor-element-defcbc1 e-con-full e-flex e-con e-child\" data-id=\"defcbc1\" data-element_type=\"container\" data-e-type=\"container\">\n\t\t\t\t<div class=\"elementor-element elementor-element-a42ce2d elementor-widget elementor-widget-image\" data-id=\"a42ce2d\" data-element_type=\"widget\" data-e-type=\"widget\" data-widget_type=\"image.default\">\n\t\t\t\t<div class=\"elementor-widget-container\">\n\t\t\t\t\t\t\t\t\t\t\t\t\t\t\t<img decoding=\"async\" width=\"800\" height=\"450\" src=\"https:\/\/halter.com.pe\/wp-content\/uploads\/2024\/08\/centrifuga-decantadora.jpg\" class=\"attachment-large size-large wp-image-1504\" alt=\"venta de centr\u00edfugas decantadoras\" srcset=\"https:\/\/halter.com.pe\/wp-content\/uploads\/2024\/08\/centrifuga-decantadora.jpg 800w, https:\/\/halter.com.pe\/wp-content\/uploads\/2024\/08\/centrifuga-decantadora-300x169.jpg 300w, https:\/\/halter.com.pe\/wp-content\/uploads\/2024\/08\/centrifuga-decantadora-768x432.jpg 768w\" sizes=\"(max-width: 800px) 100vw, 800px\" \/>\t\t\t\t\t\t\t\t\t\t\t\t\t\t\t<\/div>\n\t\t\t\t<\/div>\n\t\t\t\t<\/div>\n\t\t\t\t\t<\/div>\n\t\t\t\t<\/div>\n\t\t<div class=\"elementor-element elementor-element-0aacad0 e-flex e-con-boxed e-con e-parent\" data-id=\"0aacad0\" data-element_type=\"container\" data-e-type=\"container\">\n\t\t\t\t\t<div class=\"e-con-inner\">\n\t\t\t\t<div class=\"elementor-element elementor-element-8457d54 elementor-widget elementor-widget-heading\" data-id=\"8457d54\" data-element_type=\"widget\" data-e-type=\"widget\" data-widget_type=\"heading.default\">\n\t\t\t\t<div class=\"elementor-widget-container\">\n\t\t\t\t\t<h2 class=\"elementor-heading-title elementor-size-default\">ESPECIFICACI\u00d3N DE LA CENTR\u00cdFUGA DECANTADORA DE DESHIDRATACI\u00d3N SERIE T:<\/h2>\t\t\t\t<\/div>\n\t\t\t\t<\/div>\n\t\t\t\t\t<\/div>\n\t\t\t\t<\/div>\n\t\t<div class=\"elementor-element elementor-element-b56f627 e-flex e-con-boxed e-con e-parent\" data-id=\"b56f627\" data-element_type=\"container\" data-e-type=\"container\">\n\t\t\t\t\t<div class=\"e-con-inner\">\n\t\t\t\t<div class=\"elementor-element elementor-element-54bb224 elementor-widget elementor-widget-image\" data-id=\"54bb224\" data-element_type=\"widget\" data-e-type=\"widget\" data-widget_type=\"image.default\">\n\t\t\t\t<div class=\"elementor-widget-container\">\n\t\t\t\t\t\t\t\t\t\t\t\t\t\t\t<img decoding=\"async\" width=\"800\" height=\"434\" src=\"https:\/\/halter.com.pe\/wp-content\/uploads\/2024\/08\/ESPECIFICACION-DE-LA-CENTRIFUGA-DECANTADORA-DE-DESHIDRATACION-SERIE-T-1024x555.png\" class=\"attachment-large size-large wp-image-1505\" alt=\"\" srcset=\"https:\/\/halter.com.pe\/wp-content\/uploads\/2024\/08\/ESPECIFICACION-DE-LA-CENTRIFUGA-DECANTADORA-DE-DESHIDRATACION-SERIE-T-1024x555.png 1024w, https:\/\/halter.com.pe\/wp-content\/uploads\/2024\/08\/ESPECIFICACION-DE-LA-CENTRIFUGA-DECANTADORA-DE-DESHIDRATACION-SERIE-T-300x163.png 300w, https:\/\/halter.com.pe\/wp-content\/uploads\/2024\/08\/ESPECIFICACION-DE-LA-CENTRIFUGA-DECANTADORA-DE-DESHIDRATACION-SERIE-T-768x417.png 768w, https:\/\/halter.com.pe\/wp-content\/uploads\/2024\/08\/ESPECIFICACION-DE-LA-CENTRIFUGA-DECANTADORA-DE-DESHIDRATACION-SERIE-T.png 1027w\" sizes=\"(max-width: 800px) 100vw, 800px\" \/>\t\t\t\t\t\t\t\t\t\t\t\t\t\t\t<\/div>\n\t\t\t\t<\/div>\n\t\t\t\t\t<\/div>\n\t\t\t\t<\/div>\n\t\t<div class=\"elementor-element elementor-element-6223e67 e-flex e-con-boxed e-con e-parent\" data-id=\"6223e67\" data-element_type=\"container\" data-e-type=\"container\">\n\t\t\t\t\t<div class=\"e-con-inner\">\n\t\t\t\t<div class=\"elementor-element elementor-element-74c1974 elementor-widget-divider--view-line elementor-widget elementor-widget-divider\" data-id=\"74c1974\" data-element_type=\"widget\" data-e-type=\"widget\" data-widget_type=\"divider.default\">\n\t\t\t\t<div class=\"elementor-widget-container\">\n\t\t\t\t\t\t\t<div class=\"elementor-divider\">\n\t\t\t<span class=\"elementor-divider-separator\">\n\t\t\t\t\t\t<\/span>\n\t\t<\/div>\n\t\t\t\t\t\t<\/div>\n\t\t\t\t<\/div>\n\t\t\t\t\t<\/div>\n\t\t\t\t<\/div>\n\t\t<div class=\"elementor-element elementor-element-e11923d e-flex e-con-boxed e-con e-parent\" data-id=\"e11923d\" data-element_type=\"container\" data-e-type=\"container\">\n\t\t\t\t\t<div class=\"e-con-inner\">\n\t\t\t\t<div class=\"elementor-element elementor-element-0ccb2e3 elementor-widget elementor-widget-heading\" data-id=\"0ccb2e3\" data-element_type=\"widget\" data-e-type=\"widget\" data-widget_type=\"heading.default\">\n\t\t\t\t<div class=\"elementor-widget-container\">\n\t\t\t\t\t<h2 class=\"elementor-heading-title elementor-size-default\">VENTAJAS<\/h2>\t\t\t\t<\/div>\n\t\t\t\t<\/div>\n\t\t\t\t\t<\/div>\n\t\t\t\t<\/div>\n\t\t<div class=\"elementor-element elementor-element-46c378a e-flex e-con-boxed e-con e-parent\" data-id=\"46c378a\" data-element_type=\"container\" data-e-type=\"container\">\n\t\t\t\t\t<div class=\"e-con-inner\">\n\t\t\t\t<div class=\"elementor-element elementor-element-67d604c elementor-widget elementor-widget-text-editor\" data-id=\"67d604c\" data-element_type=\"widget\" data-e-type=\"widget\" data-widget_type=\"text-editor.default\">\n\t\t\t\t<div class=\"elementor-widget-container\">\n\t\t\t\t\t\t\t\t\t<ul style=\"font-weight: 400;\"><li>Su vida \u00fatil es larga gracias a la protecci\u00f3n integral contra desgaste, el acero inoxidable y los cojinetes de gran calidad y su construcci\u00f3n robusta.<\/li><li>Se instalan sin apenas ocupar espacio.<\/li><li>Permiten un funcionamiento autom\u00e1tico.<\/li><li>Modelo ATEX<\/li><li>Ahorro energ\u00e9tico<\/li><li>M\u00e1xima compresi\u00f3n y eficiencia en la separaci\u00f3n<\/li><\/ul>\t\t\t\t\t\t\t\t<\/div>\n\t\t\t\t<\/div>\n\t\t\t\t\t<\/div>\n\t\t\t\t<\/div>\n\t\t\t\t<\/div>\n\t\t","protected":false},"excerpt":{"rendered":"<p>CENTR\u00cdFUGA DECANTADORA DE DESHIDRATACI\u00d3N (SERIE T) La revoluci\u00f3n en la deshidrataci\u00f3n centr\u00edfuga de lodos La centr\u00edfuga decantadora de la serie T se utiliza generalmente con fines de deshidrataci\u00f3n y espesamiento. Es ampliamente utilizado para los requerimientos m\u00e1ximos de deshidrataci\u00f3n de lodos de aguas residuales municipales e industriales. Est\u00e1 dise\u00f1ado para una separaci\u00f3n f\u00e1cil de materiales [&hellip;]<\/p>\n","protected":false},"author":1,"featured_media":0,"parent":1499,"menu_order":0,"comment_status":"closed","ping_status":"closed","template":"","meta":{"footnotes":""},"class_list":["post-1510","page","type-page","status-publish","hentry"],"yoast_head":"<!-- This site is optimized with the Yoast SEO plugin v27.3 - https:\/\/yoast.com\/product\/yoast-seo-wordpress\/ -->\n<title>Centr\u00edfuga decantadora de deshidrataci\u00f3n (Serie T) - Halter<\/title>\n<meta name=\"description\" content=\"Centr\u00edfuga decantadora de deshidrataci\u00f3n (Serie T): Lodo de perforaci\u00f3n, aguas residuales de protecci\u00f3n ambiental, lodo aceitoso, fluidos...\" \/>\n<meta name=\"robots\" content=\"index, follow, max-snippet:-1, max-image-preview:large, max-video-preview:-1\" \/>\n<link rel=\"canonical\" href=\"https:\/\/halter.com.pe\/index.php\/productos\/centrifuga-decantadora\/centrifuga-decantadora-de-deshidratacion\/\" \/>\n<meta property=\"og:locale\" content=\"es_ES\" \/>\n<meta property=\"og:type\" content=\"article\" \/>\n<meta property=\"og:title\" content=\"Centr\u00edfuga decantadora de deshidrataci\u00f3n (Serie T) - Halter\" \/>\n<meta property=\"og:description\" content=\"Centr\u00edfuga decantadora de deshidrataci\u00f3n (Serie T): Lodo de perforaci\u00f3n, aguas residuales de protecci\u00f3n ambiental, lodo aceitoso, fluidos...\" \/>\n<meta property=\"og:url\" content=\"https:\/\/halter.com.pe\/index.php\/productos\/centrifuga-decantadora\/centrifuga-decantadora-de-deshidratacion\/\" \/>\n<meta property=\"og:site_name\" content=\"Halter\" \/>\n<meta property=\"article:modified_time\" content=\"2024-09-27T17:09:59+00:00\" \/>\n<meta property=\"og:image\" content=\"https:\/\/halter.com.pe\/wp-content\/uploads\/2024\/08\/centrifuga-decantadora-serie-t.jpg\" \/>\n<meta name=\"twitter:card\" content=\"summary_large_image\" \/>\n<meta name=\"twitter:label1\" content=\"Tiempo de lectura\" \/>\n\t<meta name=\"twitter:data1\" content=\"2 minutos\" \/>\n<script type=\"application\/ld+json\" class=\"yoast-schema-graph\">{\"@context\":\"https:\\\/\\\/schema.org\",\"@graph\":[{\"@type\":\"WebPage\",\"@id\":\"https:\\\/\\\/halter.com.pe\\\/index.php\\\/productos\\\/centrifuga-decantadora\\\/centrifuga-decantadora-de-deshidratacion\\\/\",\"url\":\"https:\\\/\\\/halter.com.pe\\\/index.php\\\/productos\\\/centrifuga-decantadora\\\/centrifuga-decantadora-de-deshidratacion\\\/\",\"name\":\"Centr\u00edfuga decantadora de deshidrataci\u00f3n (Serie T) - Halter\",\"isPartOf\":{\"@id\":\"https:\\\/\\\/halter.com.pe\\\/#website\"},\"primaryImageOfPage\":{\"@id\":\"https:\\\/\\\/halter.com.pe\\\/index.php\\\/productos\\\/centrifuga-decantadora\\\/centrifuga-decantadora-de-deshidratacion\\\/#primaryimage\"},\"image\":{\"@id\":\"https:\\\/\\\/halter.com.pe\\\/index.php\\\/productos\\\/centrifuga-decantadora\\\/centrifuga-decantadora-de-deshidratacion\\\/#primaryimage\"},\"thumbnailUrl\":\"https:\\\/\\\/halter.com.pe\\\/wp-content\\\/uploads\\\/2024\\\/08\\\/centrifuga-decantadora-serie-t.jpg\",\"datePublished\":\"2024-08-05T20:38:20+00:00\",\"dateModified\":\"2024-09-27T17:09:59+00:00\",\"description\":\"Centr\u00edfuga decantadora de deshidrataci\u00f3n (Serie T): Lodo de perforaci\u00f3n, aguas residuales de protecci\u00f3n ambiental, lodo aceitoso, fluidos...\",\"breadcrumb\":{\"@id\":\"https:\\\/\\\/halter.com.pe\\\/index.php\\\/productos\\\/centrifuga-decantadora\\\/centrifuga-decantadora-de-deshidratacion\\\/#breadcrumb\"},\"inLanguage\":\"es\",\"potentialAction\":[{\"@type\":\"ReadAction\",\"target\":[\"https:\\\/\\\/halter.com.pe\\\/index.php\\\/productos\\\/centrifuga-decantadora\\\/centrifuga-decantadora-de-deshidratacion\\\/\"]}]},{\"@type\":\"ImageObject\",\"inLanguage\":\"es\",\"@id\":\"https:\\\/\\\/halter.com.pe\\\/index.php\\\/productos\\\/centrifuga-decantadora\\\/centrifuga-decantadora-de-deshidratacion\\\/#primaryimage\",\"url\":\"https:\\\/\\\/halter.com.pe\\\/wp-content\\\/uploads\\\/2024\\\/08\\\/centrifuga-decantadora-serie-t.jpg\",\"contentUrl\":\"https:\\\/\\\/halter.com.pe\\\/wp-content\\\/uploads\\\/2024\\\/08\\\/centrifuga-decantadora-serie-t.jpg\",\"width\":800,\"height\":450,\"caption\":\"centr\u00edfuga decantadora serie t para la industria petrolera\"},{\"@type\":\"BreadcrumbList\",\"@id\":\"https:\\\/\\\/halter.com.pe\\\/index.php\\\/productos\\\/centrifuga-decantadora\\\/centrifuga-decantadora-de-deshidratacion\\\/#breadcrumb\",\"itemListElement\":[{\"@type\":\"ListItem\",\"position\":1,\"name\":\"Portada\",\"item\":\"https:\\\/\\\/halter.com.pe\\\/\"},{\"@type\":\"ListItem\",\"position\":2,\"name\":\"Productos\",\"item\":\"https:\\\/\\\/halter.com.pe\\\/index.php\\\/productos\\\/\"},{\"@type\":\"ListItem\",\"position\":3,\"name\":\"Centr\u00edfuga Decantadora\",\"item\":\"https:\\\/\\\/halter.com.pe\\\/index.php\\\/productos\\\/centrifuga-decantadora\\\/\"},{\"@type\":\"ListItem\",\"position\":4,\"name\":\"Centr\u00edfuga decantadora de deshidrataci\u00f3n (Serie T)\"}]},{\"@type\":\"WebSite\",\"@id\":\"https:\\\/\\\/halter.com.pe\\\/#website\",\"url\":\"https:\\\/\\\/halter.com.pe\\\/\",\"name\":\"Halter\",\"description\":\"Especialista en equipos de control de minerales, petr\u00f3leo y gas\",\"publisher\":{\"@id\":\"https:\\\/\\\/halter.com.pe\\\/#organization\"},\"potentialAction\":[{\"@type\":\"SearchAction\",\"target\":{\"@type\":\"EntryPoint\",\"urlTemplate\":\"https:\\\/\\\/halter.com.pe\\\/?s={search_term_string}\"},\"query-input\":{\"@type\":\"PropertyValueSpecification\",\"valueRequired\":true,\"valueName\":\"search_term_string\"}}],\"inLanguage\":\"es\"},{\"@type\":\"Organization\",\"@id\":\"https:\\\/\\\/halter.com.pe\\\/#organization\",\"name\":\"Halter\",\"url\":\"https:\\\/\\\/halter.com.pe\\\/\",\"logo\":{\"@type\":\"ImageObject\",\"inLanguage\":\"es\",\"@id\":\"https:\\\/\\\/halter.com.pe\\\/#\\\/schema\\\/logo\\\/image\\\/\",\"url\":\"https:\\\/\\\/halter.com.pe\\\/wp-content\\\/uploads\\\/2024\\\/11\\\/R-removebg-preview.png\",\"contentUrl\":\"https:\\\/\\\/halter.com.pe\\\/wp-content\\\/uploads\\\/2024\\\/11\\\/R-removebg-preview.png\",\"width\":350,\"height\":100,\"caption\":\"Halter\"},\"image\":{\"@id\":\"https:\\\/\\\/halter.com.pe\\\/#\\\/schema\\\/logo\\\/image\\\/\"},\"sameAs\":[\"https:\\\/\\\/www.instagram.com\\\/halter_pe\\\/\",\"https:\\\/\\\/www.linkedin.com\\\/company\\\/halter-peru\\\/?viewAsMember=true\",\"https:\\\/\\\/www.youtube.com\\\/channel\\\/UCz4H8oYgooBK7uZ-s_1qvQg\"]}]}<\/script>\n<!-- \/ Yoast SEO plugin. -->","yoast_head_json":{"title":"Centr\u00edfuga decantadora de deshidrataci\u00f3n (Serie T) - Halter","description":"Centr\u00edfuga decantadora de deshidrataci\u00f3n (Serie T): Lodo de perforaci\u00f3n, aguas residuales de protecci\u00f3n ambiental, lodo aceitoso, fluidos...","robots":{"index":"index","follow":"follow","max-snippet":"max-snippet:-1","max-image-preview":"max-image-preview:large","max-video-preview":"max-video-preview:-1"},"canonical":"https:\/\/halter.com.pe\/index.php\/productos\/centrifuga-decantadora\/centrifuga-decantadora-de-deshidratacion\/","og_locale":"es_ES","og_type":"article","og_title":"Centr\u00edfuga decantadora de deshidrataci\u00f3n (Serie T) - Halter","og_description":"Centr\u00edfuga decantadora de deshidrataci\u00f3n (Serie T): Lodo de perforaci\u00f3n, aguas residuales de protecci\u00f3n ambiental, lodo aceitoso, fluidos...","og_url":"https:\/\/halter.com.pe\/index.php\/productos\/centrifuga-decantadora\/centrifuga-decantadora-de-deshidratacion\/","og_site_name":"Halter","article_modified_time":"2024-09-27T17:09:59+00:00","og_image":[{"url":"https:\/\/halter.com.pe\/wp-content\/uploads\/2024\/08\/centrifuga-decantadora-serie-t.jpg","type":"","width":"","height":""}],"twitter_card":"summary_large_image","twitter_misc":{"Tiempo de lectura":"2 minutos"},"schema":{"@context":"https:\/\/schema.org","@graph":[{"@type":"WebPage","@id":"https:\/\/halter.com.pe\/index.php\/productos\/centrifuga-decantadora\/centrifuga-decantadora-de-deshidratacion\/","url":"https:\/\/halter.com.pe\/index.php\/productos\/centrifuga-decantadora\/centrifuga-decantadora-de-deshidratacion\/","name":"Centr\u00edfuga decantadora de deshidrataci\u00f3n (Serie T) - Halter","isPartOf":{"@id":"https:\/\/halter.com.pe\/#website"},"primaryImageOfPage":{"@id":"https:\/\/halter.com.pe\/index.php\/productos\/centrifuga-decantadora\/centrifuga-decantadora-de-deshidratacion\/#primaryimage"},"image":{"@id":"https:\/\/halter.com.pe\/index.php\/productos\/centrifuga-decantadora\/centrifuga-decantadora-de-deshidratacion\/#primaryimage"},"thumbnailUrl":"https:\/\/halter.com.pe\/wp-content\/uploads\/2024\/08\/centrifuga-decantadora-serie-t.jpg","datePublished":"2024-08-05T20:38:20+00:00","dateModified":"2024-09-27T17:09:59+00:00","description":"Centr\u00edfuga decantadora de deshidrataci\u00f3n (Serie T): Lodo de perforaci\u00f3n, aguas residuales de protecci\u00f3n ambiental, lodo aceitoso, fluidos...","breadcrumb":{"@id":"https:\/\/halter.com.pe\/index.php\/productos\/centrifuga-decantadora\/centrifuga-decantadora-de-deshidratacion\/#breadcrumb"},"inLanguage":"es","potentialAction":[{"@type":"ReadAction","target":["https:\/\/halter.com.pe\/index.php\/productos\/centrifuga-decantadora\/centrifuga-decantadora-de-deshidratacion\/"]}]},{"@type":"ImageObject","inLanguage":"es","@id":"https:\/\/halter.com.pe\/index.php\/productos\/centrifuga-decantadora\/centrifuga-decantadora-de-deshidratacion\/#primaryimage","url":"https:\/\/halter.com.pe\/wp-content\/uploads\/2024\/08\/centrifuga-decantadora-serie-t.jpg","contentUrl":"https:\/\/halter.com.pe\/wp-content\/uploads\/2024\/08\/centrifuga-decantadora-serie-t.jpg","width":800,"height":450,"caption":"centr\u00edfuga decantadora serie t para la industria petrolera"},{"@type":"BreadcrumbList","@id":"https:\/\/halter.com.pe\/index.php\/productos\/centrifuga-decantadora\/centrifuga-decantadora-de-deshidratacion\/#breadcrumb","itemListElement":[{"@type":"ListItem","position":1,"name":"Portada","item":"https:\/\/halter.com.pe\/"},{"@type":"ListItem","position":2,"name":"Productos","item":"https:\/\/halter.com.pe\/index.php\/productos\/"},{"@type":"ListItem","position":3,"name":"Centr\u00edfuga Decantadora","item":"https:\/\/halter.com.pe\/index.php\/productos\/centrifuga-decantadora\/"},{"@type":"ListItem","position":4,"name":"Centr\u00edfuga decantadora de deshidrataci\u00f3n (Serie T)"}]},{"@type":"WebSite","@id":"https:\/\/halter.com.pe\/#website","url":"https:\/\/halter.com.pe\/","name":"Halter","description":"Especialista en equipos de control de minerales, petr\u00f3leo y gas","publisher":{"@id":"https:\/\/halter.com.pe\/#organization"},"potentialAction":[{"@type":"SearchAction","target":{"@type":"EntryPoint","urlTemplate":"https:\/\/halter.com.pe\/?s={search_term_string}"},"query-input":{"@type":"PropertyValueSpecification","valueRequired":true,"valueName":"search_term_string"}}],"inLanguage":"es"},{"@type":"Organization","@id":"https:\/\/halter.com.pe\/#organization","name":"Halter","url":"https:\/\/halter.com.pe\/","logo":{"@type":"ImageObject","inLanguage":"es","@id":"https:\/\/halter.com.pe\/#\/schema\/logo\/image\/","url":"https:\/\/halter.com.pe\/wp-content\/uploads\/2024\/11\/R-removebg-preview.png","contentUrl":"https:\/\/halter.com.pe\/wp-content\/uploads\/2024\/11\/R-removebg-preview.png","width":350,"height":100,"caption":"Halter"},"image":{"@id":"https:\/\/halter.com.pe\/#\/schema\/logo\/image\/"},"sameAs":["https:\/\/www.instagram.com\/halter_pe\/","https:\/\/www.linkedin.com\/company\/halter-peru\/?viewAsMember=true","https:\/\/www.youtube.com\/channel\/UCz4H8oYgooBK7uZ-s_1qvQg"]}]}},"_links":{"self":[{"href":"https:\/\/halter.com.pe\/index.php\/wp-json\/wp\/v2\/pages\/1510","targetHints":{"allow":["GET"]}}],"collection":[{"href":"https:\/\/halter.com.pe\/index.php\/wp-json\/wp\/v2\/pages"}],"about":[{"href":"https:\/\/halter.com.pe\/index.php\/wp-json\/wp\/v2\/types\/page"}],"author":[{"embeddable":true,"href":"https:\/\/halter.com.pe\/index.php\/wp-json\/wp\/v2\/users\/1"}],"replies":[{"embeddable":true,"href":"https:\/\/halter.com.pe\/index.php\/wp-json\/wp\/v2\/comments?post=1510"}],"version-history":[{"count":29,"href":"https:\/\/halter.com.pe\/index.php\/wp-json\/wp\/v2\/pages\/1510\/revisions"}],"predecessor-version":[{"id":2004,"href":"https:\/\/halter.com.pe\/index.php\/wp-json\/wp\/v2\/pages\/1510\/revisions\/2004"}],"up":[{"embeddable":true,"href":"https:\/\/halter.com.pe\/index.php\/wp-json\/wp\/v2\/pages\/1499"}],"wp:attachment":[{"href":"https:\/\/halter.com.pe\/index.php\/wp-json\/wp\/v2\/media?parent=1510"}],"curies":[{"name":"wp","href":"https:\/\/api.w.org\/{rel}","templated":true}]}}