{"id":1143,"date":"2024-07-09T22:19:50","date_gmt":"2024-07-09T22:19:50","guid":{"rendered":"https:\/\/halter.com.pe\/?page_id=1143"},"modified":"2024-10-30T22:43:22","modified_gmt":"2024-10-30T22:43:22","slug":"zaranda-vibratoria-para-mineria","status":"publish","type":"page","link":"https:\/\/halter.com.pe\/index.php\/productos\/zaranda-vibratoria-para-mineria\/","title":{"rendered":"Zaranda vibratoria para miner\u00eda"},"content":{"rendered":"\t\t<div data-elementor-type=\"wp-page\" data-elementor-id=\"1143\" class=\"elementor elementor-1143\">\n\t\t\t\t<div class=\"elementor-element elementor-element-f93959a e-con-full e-flex e-con e-parent\" data-id=\"f93959a\" data-element_type=\"container\" data-e-type=\"container\" data-settings=\"{&quot;background_background&quot;:&quot;classic&quot;}\">\n\t\t\t\t<\/div>\n\t\t<div class=\"elementor-element elementor-element-9ae82ba e-flex e-con-boxed e-con e-parent\" data-id=\"9ae82ba\" data-element_type=\"container\" data-e-type=\"container\">\n\t\t\t\t\t<div class=\"e-con-inner\">\n\t\t\t\t<div class=\"elementor-element elementor-element-490080b elementor-widget-divider--view-line elementor-widget elementor-widget-divider\" data-id=\"490080b\" data-element_type=\"widget\" data-e-type=\"widget\" data-widget_type=\"divider.default\">\n\t\t\t\t<div class=\"elementor-widget-container\">\n\t\t\t\t\t\t\t<div class=\"elementor-divider\">\n\t\t\t<span class=\"elementor-divider-separator\">\n\t\t\t\t\t\t<\/span>\n\t\t<\/div>\n\t\t\t\t\t\t<\/div>\n\t\t\t\t<\/div>\n\t\t\t\t<div class=\"elementor-element elementor-element-c2c7a3b elementor-widget elementor-widget-heading\" data-id=\"c2c7a3b\" data-element_type=\"widget\" data-e-type=\"widget\" data-widget_type=\"heading.default\">\n\t\t\t\t<div class=\"elementor-widget-container\">\n\t\t\t\t\t<h2 class=\"elementor-heading-title elementor-size-default\">zaranda vibratoria para miner\u00eda<\/h2>\t\t\t\t<\/div>\n\t\t\t\t<\/div>\n\t\t\t\t\t<\/div>\n\t\t\t\t<\/div>\n\t\t<div class=\"elementor-element elementor-element-6620f44 e-grid e-con-full e-con e-parent\" data-id=\"6620f44\" data-element_type=\"container\" data-e-type=\"container\">\n\t\t<div class=\"elementor-element elementor-element-1fa9ede e-con-full e-flex e-con e-child\" data-id=\"1fa9ede\" data-element_type=\"container\" data-e-type=\"container\">\n\t\t\t\t<div class=\"elementor-element elementor-element-1ddaa6c elementor-widget elementor-widget-image\" data-id=\"1ddaa6c\" data-element_type=\"widget\" data-e-type=\"widget\" data-widget_type=\"image.default\">\n\t\t\t\t<div class=\"elementor-widget-container\">\n\t\t\t\t\t\t\t\t\t\t\t\t\t\t\t\t<a href=\"https:\/\/halter.com.pe\/index.php\/productos\/zaranda-vibratoria-para-mineria\/zaranda-vibratoria-deshidratacion\/\">\n\t\t\t\t\t\t\t<img fetchpriority=\"high\" decoding=\"async\" width=\"800\" height=\"450\" src=\"https:\/\/halter.com.pe\/wp-content\/uploads\/2024\/07\/zaranda-vibratoria-de-deshidratacion.jpg\" class=\"attachment-full size-full wp-image-1149\" alt=\"zaranda vibratoria de deshidrataci\u00f3n para minerales\" srcset=\"https:\/\/halter.com.pe\/wp-content\/uploads\/2024\/07\/zaranda-vibratoria-de-deshidratacion.jpg 800w, https:\/\/halter.com.pe\/wp-content\/uploads\/2024\/07\/zaranda-vibratoria-de-deshidratacion-300x169.jpg 300w, https:\/\/halter.com.pe\/wp-content\/uploads\/2024\/07\/zaranda-vibratoria-de-deshidratacion-768x432.jpg 768w\" sizes=\"(max-width: 800px) 100vw, 800px\" \/>\t\t\t\t\t\t\t\t<\/a>\n\t\t\t\t\t\t\t\t\t\t\t\t\t\t\t<\/div>\n\t\t\t\t<\/div>\n\t\t\t\t<div class=\"elementor-element elementor-element-607e7cc elementor-widget elementor-widget-heading\" data-id=\"607e7cc\" data-element_type=\"widget\" data-e-type=\"widget\" data-widget_type=\"heading.default\">\n\t\t\t\t<div class=\"elementor-widget-container\">\n\t\t\t\t\t<h2 class=\"elementor-heading-title elementor-size-default\">zaranda vibratoria de deshidrataci\u00f3n \u2192<\/h2>\t\t\t\t<\/div>\n\t\t\t\t<\/div>\n\t\t\t\t<\/div>\n\t\t<div class=\"elementor-element elementor-element-b7f26f9 e-con-full e-flex e-con e-child\" data-id=\"b7f26f9\" data-element_type=\"container\" data-e-type=\"container\">\n\t\t\t\t<div class=\"elementor-element elementor-element-d946a61 elementor-widget elementor-widget-image\" data-id=\"d946a61\" data-element_type=\"widget\" data-e-type=\"widget\" data-widget_type=\"image.default\">\n\t\t\t\t<div class=\"elementor-widget-container\">\n\t\t\t\t\t\t\t\t\t\t\t\t\t\t\t\t<a href=\"https:\/\/halter.com.pe\/index.php\/productos\/zaranda-vibratoria-para-mineria\/zaranda-vibratoria-clasificacion\/\">\n\t\t\t\t\t\t\t<img decoding=\"async\" width=\"800\" height=\"450\" src=\"https:\/\/halter.com.pe\/wp-content\/uploads\/2024\/07\/zaranda-vibratoria-de-clasificacion.jpg\" class=\"attachment-full size-full wp-image-1148\" alt=\"zaranda vibratoria de clasificaci\u00f3n\" srcset=\"https:\/\/halter.com.pe\/wp-content\/uploads\/2024\/07\/zaranda-vibratoria-de-clasificacion.jpg 800w, https:\/\/halter.com.pe\/wp-content\/uploads\/2024\/07\/zaranda-vibratoria-de-clasificacion-300x169.jpg 300w, https:\/\/halter.com.pe\/wp-content\/uploads\/2024\/07\/zaranda-vibratoria-de-clasificacion-768x432.jpg 768w\" sizes=\"(max-width: 800px) 100vw, 800px\" \/>\t\t\t\t\t\t\t\t<\/a>\n\t\t\t\t\t\t\t\t\t\t\t\t\t\t\t<\/div>\n\t\t\t\t<\/div>\n\t\t\t\t<div class=\"elementor-element elementor-element-2567469 elementor-widget elementor-widget-heading\" data-id=\"2567469\" data-element_type=\"widget\" data-e-type=\"widget\" data-widget_type=\"heading.default\">\n\t\t\t\t<div class=\"elementor-widget-container\">\n\t\t\t\t\t<h2 class=\"elementor-heading-title elementor-size-default\">zaranda vibratoria de clasificaci\u00f3n \u2192<\/h2>\t\t\t\t<\/div>\n\t\t\t\t<\/div>\n\t\t\t\t<\/div>\n\t\t<div class=\"elementor-element elementor-element-c22af47 e-con-full e-flex e-con e-child\" data-id=\"c22af47\" data-element_type=\"container\" data-e-type=\"container\">\n\t\t\t\t<div class=\"elementor-element elementor-element-eb94521 elementor-widget elementor-widget-image\" data-id=\"eb94521\" data-element_type=\"widget\" data-e-type=\"widget\" data-widget_type=\"image.default\">\n\t\t\t\t<div class=\"elementor-widget-container\">\n\t\t\t\t\t\t\t\t\t\t\t\t\t\t\t\t<a href=\"https:\/\/halter.com.pe\/index.php\/productos\/zaranda-vibratoria-para-mineria\/zaranda-vibratoria-apilada-fina\/\">\n\t\t\t\t\t\t\t<img decoding=\"async\" width=\"800\" height=\"450\" src=\"https:\/\/halter.com.pe\/wp-content\/uploads\/2024\/07\/zaranda-vibratoria-apilada.jpg\" class=\"attachment-full size-full wp-image-1150\" alt=\"zaranda vibratoria apilada para miner\u00eda\" srcset=\"https:\/\/halter.com.pe\/wp-content\/uploads\/2024\/07\/zaranda-vibratoria-apilada.jpg 800w, https:\/\/halter.com.pe\/wp-content\/uploads\/2024\/07\/zaranda-vibratoria-apilada-300x169.jpg 300w, https:\/\/halter.com.pe\/wp-content\/uploads\/2024\/07\/zaranda-vibratoria-apilada-768x432.jpg 768w\" sizes=\"(max-width: 800px) 100vw, 800px\" \/>\t\t\t\t\t\t\t\t<\/a>\n\t\t\t\t\t\t\t\t\t\t\t\t\t\t\t<\/div>\n\t\t\t\t<\/div>\n\t\t\t\t<div class=\"elementor-element elementor-element-8ef0a14 elementor-widget elementor-widget-heading\" data-id=\"8ef0a14\" data-element_type=\"widget\" data-e-type=\"widget\" data-widget_type=\"heading.default\">\n\t\t\t\t<div class=\"elementor-widget-container\">\n\t\t\t\t\t<h2 class=\"elementor-heading-title elementor-size-default\">zaranda vibratoria apilada \u2192<\/h2>\t\t\t\t<\/div>\n\t\t\t\t<\/div>\n\t\t\t\t<\/div>\n\t\t<div class=\"elementor-element elementor-element-b1b1bd4 e-con-full e-flex e-con e-child\" data-id=\"b1b1bd4\" data-element_type=\"container\" data-e-type=\"container\">\n\t\t\t\t<div class=\"elementor-element elementor-element-9dc58c4 elementor-widget elementor-widget-image\" data-id=\"9dc58c4\" data-element_type=\"widget\" data-e-type=\"widget\" data-widget_type=\"image.default\">\n\t\t\t\t<div class=\"elementor-widget-container\">\n\t\t\t\t\t\t\t\t\t\t\t\t\t\t\t\t<a href=\"https:\/\/halter.com.pe\/index.php\/productos\/zaranda-vibratoria-para-mineria\/zaranda-vibratoria-alta-frecuencia\/\">\n\t\t\t\t\t\t\t<img loading=\"lazy\" decoding=\"async\" width=\"800\" height=\"450\" src=\"https:\/\/halter.com.pe\/wp-content\/uploads\/2024\/07\/zaranda-vibratoria-de-alta-frecuencia.jpg\" class=\"attachment-full size-full wp-image-1151\" alt=\"zaranda vibratoria de alta frecuencia marca GN\" srcset=\"https:\/\/halter.com.pe\/wp-content\/uploads\/2024\/07\/zaranda-vibratoria-de-alta-frecuencia.jpg 800w, https:\/\/halter.com.pe\/wp-content\/uploads\/2024\/07\/zaranda-vibratoria-de-alta-frecuencia-300x169.jpg 300w, https:\/\/halter.com.pe\/wp-content\/uploads\/2024\/07\/zaranda-vibratoria-de-alta-frecuencia-768x432.jpg 768w\" sizes=\"(max-width: 800px) 100vw, 800px\" \/>\t\t\t\t\t\t\t\t<\/a>\n\t\t\t\t\t\t\t\t\t\t\t\t\t\t\t<\/div>\n\t\t\t\t<\/div>\n\t\t\t\t<div class=\"elementor-element elementor-element-570e46f elementor-widget elementor-widget-heading\" data-id=\"570e46f\" data-element_type=\"widget\" data-e-type=\"widget\" data-widget_type=\"heading.default\">\n\t\t\t\t<div class=\"elementor-widget-container\">\n\t\t\t\t\t<h2 class=\"elementor-heading-title elementor-size-default\">zaranda vibratoria de alta frecuencia \u2192<\/h2>\t\t\t\t<\/div>\n\t\t\t\t<\/div>\n\t\t\t\t<\/div>\n\t\t<div class=\"elementor-element elementor-element-6af70d1 e-con-full e-flex e-con e-child\" data-id=\"6af70d1\" data-element_type=\"container\" data-e-type=\"container\">\n\t\t\t\t<div class=\"elementor-element elementor-element-08612f5 elementor-widget elementor-widget-image\" data-id=\"08612f5\" data-element_type=\"widget\" data-e-type=\"widget\" data-widget_type=\"image.default\">\n\t\t\t\t<div class=\"elementor-widget-container\">\n\t\t\t\t\t\t\t\t\t\t\t\t\t\t\t\t<a href=\"https:\/\/halter.com.pe\/index.php\/productos\/zaranda-vibratoria-para-mineria\/zaranda-vibratoria-grande-lineal\/\">\n\t\t\t\t\t\t\t<img loading=\"lazy\" decoding=\"async\" width=\"800\" height=\"450\" src=\"https:\/\/halter.com.pe\/wp-content\/uploads\/2024\/07\/zaranda-vibratoria-lineal-grande.jpg\" class=\"attachment-full size-full wp-image-1153\" alt=\"zaranda vibratoria lineal grande de 2 pisos para miner\u00eda\" srcset=\"https:\/\/halter.com.pe\/wp-content\/uploads\/2024\/07\/zaranda-vibratoria-lineal-grande.jpg 800w, https:\/\/halter.com.pe\/wp-content\/uploads\/2024\/07\/zaranda-vibratoria-lineal-grande-300x169.jpg 300w, https:\/\/halter.com.pe\/wp-content\/uploads\/2024\/07\/zaranda-vibratoria-lineal-grande-768x432.jpg 768w\" sizes=\"(max-width: 800px) 100vw, 800px\" \/>\t\t\t\t\t\t\t\t<\/a>\n\t\t\t\t\t\t\t\t\t\t\t\t\t\t\t<\/div>\n\t\t\t\t<\/div>\n\t\t\t\t<div class=\"elementor-element elementor-element-b56885a elementor-widget elementor-widget-heading\" data-id=\"b56885a\" data-element_type=\"widget\" data-e-type=\"widget\" data-widget_type=\"heading.default\">\n\t\t\t\t<div class=\"elementor-widget-container\">\n\t\t\t\t\t<h2 class=\"elementor-heading-title elementor-size-default\">zaranda vibratoria grande lineal  \u2192<\/h2>\t\t\t\t<\/div>\n\t\t\t\t<\/div>\n\t\t\t\t<\/div>\n\t\t<div class=\"elementor-element elementor-element-862d633 e-con-full e-flex e-con e-child\" data-id=\"862d633\" data-element_type=\"container\" data-e-type=\"container\">\n\t\t\t\t<div class=\"elementor-element elementor-element-57446ab elementor-widget elementor-widget-image\" data-id=\"57446ab\" data-element_type=\"widget\" data-e-type=\"widget\" data-widget_type=\"image.default\">\n\t\t\t\t<div class=\"elementor-widget-container\">\n\t\t\t\t\t\t\t\t\t\t\t\t\t\t\t\t<a href=\"https:\/\/halter.com.pe\/index.php\/productos\/zaranda-vibratoria-para-mineria\/zaranda-vibratoria-grande-de-tipo-banana\/\">\n\t\t\t\t\t\t\t<img loading=\"lazy\" decoding=\"async\" width=\"800\" height=\"450\" src=\"https:\/\/halter.com.pe\/wp-content\/uploads\/2024\/07\/zaranda-vibratoria-grande-tipo-banana.jpg\" class=\"attachment-full size-full wp-image-1154\" alt=\"venta de zaranda vibratoria grande tipo banana\" srcset=\"https:\/\/halter.com.pe\/wp-content\/uploads\/2024\/07\/zaranda-vibratoria-grande-tipo-banana.jpg 800w, https:\/\/halter.com.pe\/wp-content\/uploads\/2024\/07\/zaranda-vibratoria-grande-tipo-banana-300x169.jpg 300w, https:\/\/halter.com.pe\/wp-content\/uploads\/2024\/07\/zaranda-vibratoria-grande-tipo-banana-768x432.jpg 768w\" sizes=\"(max-width: 800px) 100vw, 800px\" \/>\t\t\t\t\t\t\t\t<\/a>\n\t\t\t\t\t\t\t\t\t\t\t\t\t\t\t<\/div>\n\t\t\t\t<\/div>\n\t\t\t\t<div class=\"elementor-element elementor-element-4434052 elementor-widget elementor-widget-heading\" data-id=\"4434052\" data-element_type=\"widget\" data-e-type=\"widget\" data-widget_type=\"heading.default\">\n\t\t\t\t<div class=\"elementor-widget-container\">\n\t\t\t\t\t<h2 class=\"elementor-heading-title elementor-size-default\">zaranda vibratoria grande tipo banana \u2192<\/h2>\t\t\t\t<\/div>\n\t\t\t\t<\/div>\n\t\t\t\t<\/div>\n\t\t<div class=\"elementor-element elementor-element-e734606 e-con-full e-flex e-con e-child\" data-id=\"e734606\" data-element_type=\"container\" data-e-type=\"container\">\n\t\t\t\t<div class=\"elementor-element elementor-element-a2db764 elementor-widget elementor-widget-image\" data-id=\"a2db764\" data-element_type=\"widget\" data-e-type=\"widget\" data-widget_type=\"image.default\">\n\t\t\t\t<div class=\"elementor-widget-container\">\n\t\t\t\t\t\t\t\t\t\t\t\t\t\t\t\t<a href=\"https:\/\/halter.com.pe\/index.php\/productos\/zaranda-vibratoria-para-mineria\/zaranda-vibratoria-tipo-flip-flow\/\">\n\t\t\t\t\t\t\t<img loading=\"lazy\" decoding=\"async\" width=\"800\" height=\"450\" src=\"https:\/\/halter.com.pe\/wp-content\/uploads\/2024\/07\/zaranda-vibratoria-Flip-Flow.jpg\" class=\"attachment-full size-full wp-image-1155\" alt=\"zaranda vibratoria Flip-Flow\" srcset=\"https:\/\/halter.com.pe\/wp-content\/uploads\/2024\/07\/zaranda-vibratoria-Flip-Flow.jpg 800w, https:\/\/halter.com.pe\/wp-content\/uploads\/2024\/07\/zaranda-vibratoria-Flip-Flow-300x169.jpg 300w, https:\/\/halter.com.pe\/wp-content\/uploads\/2024\/07\/zaranda-vibratoria-Flip-Flow-768x432.jpg 768w\" sizes=\"(max-width: 800px) 100vw, 800px\" \/>\t\t\t\t\t\t\t\t<\/a>\n\t\t\t\t\t\t\t\t\t\t\t\t\t\t\t<\/div>\n\t\t\t\t<\/div>\n\t\t\t\t<div class=\"elementor-element elementor-element-4e5bf81 elementor-widget elementor-widget-heading\" data-id=\"4e5bf81\" data-element_type=\"widget\" data-e-type=\"widget\" data-widget_type=\"heading.default\">\n\t\t\t\t<div class=\"elementor-widget-container\">\n\t\t\t\t\t<h2 class=\"elementor-heading-title elementor-size-default\">zaranda vibratoria Flip-Flow \u2192<\/h2>\t\t\t\t<\/div>\n\t\t\t\t<\/div>\n\t\t\t\t<\/div>\n\t\t\t\t<\/div>\n\t\t<div class=\"elementor-element elementor-element-35a6448 e-flex e-con-boxed e-con e-parent\" data-id=\"35a6448\" data-element_type=\"container\" data-e-type=\"container\">\n\t\t\t\t\t<div class=\"e-con-inner\">\n\t\t\t\t<div class=\"elementor-element elementor-element-38e214b elementor-widget-divider--view-line elementor-widget elementor-widget-divider\" data-id=\"38e214b\" data-element_type=\"widget\" data-e-type=\"widget\" data-widget_type=\"divider.default\">\n\t\t\t\t<div class=\"elementor-widget-container\">\n\t\t\t\t\t\t\t<div class=\"elementor-divider\">\n\t\t\t<span class=\"elementor-divider-separator\">\n\t\t\t\t\t\t<\/span>\n\t\t<\/div>\n\t\t\t\t\t\t<\/div>\n\t\t\t\t<\/div>\n\t\t\t\t\t<\/div>\n\t\t\t\t<\/div>\n\t\t\t\t<\/div>\n\t\t","protected":false},"excerpt":{"rendered":"<p>zaranda vibratoria para miner\u00eda zaranda vibratoria de deshidrataci\u00f3n \u2192 zaranda vibratoria de clasificaci\u00f3n \u2192 zaranda vibratoria apilada \u2192 zaranda vibratoria de alta frecuencia \u2192 zaranda vibratoria grande lineal \u2192 zaranda vibratoria grande tipo banana \u2192 zaranda vibratoria Flip-Flow \u2192<\/p>\n","protected":false},"author":1,"featured_media":0,"parent":16,"menu_order":0,"comment_status":"closed","ping_status":"closed","template":"","meta":{"footnotes":""},"class_list":["post-1143","page","type-page","status-publish","hentry"],"yoast_head":"<!-- This site is optimized with the Yoast SEO plugin v27.3 - https:\/\/yoast.com\/product\/yoast-seo-wordpress\/ -->\n<title>Zaranda vibratoria para miner\u00eda - Halter<\/title>\n<meta name=\"description\" content=\"Nuestras zarandas vibratorias para miner\u00eda son la soluci\u00f3n ideal para la clasificaci\u00f3n y deshidrataci\u00f3n de minerales...\" \/>\n<meta name=\"robots\" content=\"index, follow, max-snippet:-1, max-image-preview:large, max-video-preview:-1\" \/>\n<link rel=\"canonical\" href=\"https:\/\/halter.com.pe\/index.php\/productos\/zaranda-vibratoria-para-mineria\/\" \/>\n<meta property=\"og:locale\" content=\"es_ES\" \/>\n<meta property=\"og:type\" content=\"article\" \/>\n<meta property=\"og:title\" content=\"Zaranda vibratoria para miner\u00eda - Halter\" \/>\n<meta property=\"og:description\" content=\"Nuestras zarandas vibratorias para miner\u00eda son la soluci\u00f3n ideal para la clasificaci\u00f3n y deshidrataci\u00f3n de minerales...\" \/>\n<meta property=\"og:url\" content=\"https:\/\/halter.com.pe\/index.php\/productos\/zaranda-vibratoria-para-mineria\/\" \/>\n<meta property=\"og:site_name\" content=\"Halter\" \/>\n<meta property=\"article:modified_time\" content=\"2024-10-30T22:43:22+00:00\" \/>\n<meta property=\"og:image\" content=\"https:\/\/halter.com.pe\/wp-content\/uploads\/2024\/07\/zaranda-vibratoria-de-deshidratacion.jpg\" \/>\n\t<meta property=\"og:image:width\" content=\"800\" \/>\n\t<meta property=\"og:image:height\" content=\"450\" \/>\n\t<meta property=\"og:image:type\" content=\"image\/jpeg\" \/>\n<meta name=\"twitter:card\" content=\"summary_large_image\" \/>\n<meta name=\"twitter:label1\" content=\"Tiempo de lectura\" \/>\n\t<meta name=\"twitter:data1\" content=\"2 minutos\" \/>\n<script type=\"application\/ld+json\" class=\"yoast-schema-graph\">{\"@context\":\"https:\\\/\\\/schema.org\",\"@graph\":[{\"@type\":\"WebPage\",\"@id\":\"https:\\\/\\\/halter.com.pe\\\/index.php\\\/productos\\\/zaranda-vibratoria-para-mineria\\\/\",\"url\":\"https:\\\/\\\/halter.com.pe\\\/index.php\\\/productos\\\/zaranda-vibratoria-para-mineria\\\/\",\"name\":\"Zaranda vibratoria para miner\u00eda - Halter\",\"isPartOf\":{\"@id\":\"https:\\\/\\\/halter.com.pe\\\/#website\"},\"primaryImageOfPage\":{\"@id\":\"https:\\\/\\\/halter.com.pe\\\/index.php\\\/productos\\\/zaranda-vibratoria-para-mineria\\\/#primaryimage\"},\"image\":{\"@id\":\"https:\\\/\\\/halter.com.pe\\\/index.php\\\/productos\\\/zaranda-vibratoria-para-mineria\\\/#primaryimage\"},\"thumbnailUrl\":\"https:\\\/\\\/halter.com.pe\\\/wp-content\\\/uploads\\\/2024\\\/07\\\/zaranda-vibratoria-de-deshidratacion.jpg\",\"datePublished\":\"2024-07-09T22:19:50+00:00\",\"dateModified\":\"2024-10-30T22:43:22+00:00\",\"description\":\"Nuestras zarandas vibratorias para miner\u00eda son la soluci\u00f3n ideal para la clasificaci\u00f3n y deshidrataci\u00f3n de minerales...\",\"breadcrumb\":{\"@id\":\"https:\\\/\\\/halter.com.pe\\\/index.php\\\/productos\\\/zaranda-vibratoria-para-mineria\\\/#breadcrumb\"},\"inLanguage\":\"es\",\"potentialAction\":[{\"@type\":\"ReadAction\",\"target\":[\"https:\\\/\\\/halter.com.pe\\\/index.php\\\/productos\\\/zaranda-vibratoria-para-mineria\\\/\"]}]},{\"@type\":\"ImageObject\",\"inLanguage\":\"es\",\"@id\":\"https:\\\/\\\/halter.com.pe\\\/index.php\\\/productos\\\/zaranda-vibratoria-para-mineria\\\/#primaryimage\",\"url\":\"https:\\\/\\\/halter.com.pe\\\/wp-content\\\/uploads\\\/2024\\\/07\\\/zaranda-vibratoria-de-deshidratacion.jpg\",\"contentUrl\":\"https:\\\/\\\/halter.com.pe\\\/wp-content\\\/uploads\\\/2024\\\/07\\\/zaranda-vibratoria-de-deshidratacion.jpg\",\"width\":800,\"height\":450,\"caption\":\"zaranda vibratoria de deshidrataci\u00f3n para minerales\"},{\"@type\":\"BreadcrumbList\",\"@id\":\"https:\\\/\\\/halter.com.pe\\\/index.php\\\/productos\\\/zaranda-vibratoria-para-mineria\\\/#breadcrumb\",\"itemListElement\":[{\"@type\":\"ListItem\",\"position\":1,\"name\":\"Portada\",\"item\":\"https:\\\/\\\/halter.com.pe\\\/\"},{\"@type\":\"ListItem\",\"position\":2,\"name\":\"Productos\",\"item\":\"https:\\\/\\\/halter.com.pe\\\/index.php\\\/productos\\\/\"},{\"@type\":\"ListItem\",\"position\":3,\"name\":\"Zaranda vibratoria para miner\u00eda\"}]},{\"@type\":\"WebSite\",\"@id\":\"https:\\\/\\\/halter.com.pe\\\/#website\",\"url\":\"https:\\\/\\\/halter.com.pe\\\/\",\"name\":\"Halter\",\"description\":\"Especialista en equipos de control de minerales, petr\u00f3leo y gas\",\"publisher\":{\"@id\":\"https:\\\/\\\/halter.com.pe\\\/#organization\"},\"potentialAction\":[{\"@type\":\"SearchAction\",\"target\":{\"@type\":\"EntryPoint\",\"urlTemplate\":\"https:\\\/\\\/halter.com.pe\\\/?s={search_term_string}\"},\"query-input\":{\"@type\":\"PropertyValueSpecification\",\"valueRequired\":true,\"valueName\":\"search_term_string\"}}],\"inLanguage\":\"es\"},{\"@type\":\"Organization\",\"@id\":\"https:\\\/\\\/halter.com.pe\\\/#organization\",\"name\":\"Halter\",\"url\":\"https:\\\/\\\/halter.com.pe\\\/\",\"logo\":{\"@type\":\"ImageObject\",\"inLanguage\":\"es\",\"@id\":\"https:\\\/\\\/halter.com.pe\\\/#\\\/schema\\\/logo\\\/image\\\/\",\"url\":\"https:\\\/\\\/halter.com.pe\\\/wp-content\\\/uploads\\\/2024\\\/11\\\/R-removebg-preview.png\",\"contentUrl\":\"https:\\\/\\\/halter.com.pe\\\/wp-content\\\/uploads\\\/2024\\\/11\\\/R-removebg-preview.png\",\"width\":350,\"height\":100,\"caption\":\"Halter\"},\"image\":{\"@id\":\"https:\\\/\\\/halter.com.pe\\\/#\\\/schema\\\/logo\\\/image\\\/\"},\"sameAs\":[\"https:\\\/\\\/www.instagram.com\\\/halter_pe\\\/\",\"https:\\\/\\\/www.linkedin.com\\\/company\\\/halter-peru\\\/?viewAsMember=true\",\"https:\\\/\\\/www.youtube.com\\\/channel\\\/UCz4H8oYgooBK7uZ-s_1qvQg\"]}]}<\/script>\n<!-- \/ Yoast SEO plugin. -->","yoast_head_json":{"title":"Zaranda vibratoria para miner\u00eda - Halter","description":"Nuestras zarandas vibratorias para miner\u00eda son la soluci\u00f3n ideal para la clasificaci\u00f3n y deshidrataci\u00f3n de minerales...","robots":{"index":"index","follow":"follow","max-snippet":"max-snippet:-1","max-image-preview":"max-image-preview:large","max-video-preview":"max-video-preview:-1"},"canonical":"https:\/\/halter.com.pe\/index.php\/productos\/zaranda-vibratoria-para-mineria\/","og_locale":"es_ES","og_type":"article","og_title":"Zaranda vibratoria para miner\u00eda - Halter","og_description":"Nuestras zarandas vibratorias para miner\u00eda son la soluci\u00f3n ideal para la clasificaci\u00f3n y deshidrataci\u00f3n de minerales...","og_url":"https:\/\/halter.com.pe\/index.php\/productos\/zaranda-vibratoria-para-mineria\/","og_site_name":"Halter","article_modified_time":"2024-10-30T22:43:22+00:00","og_image":[{"width":800,"height":450,"url":"https:\/\/halter.com.pe\/wp-content\/uploads\/2024\/07\/zaranda-vibratoria-de-deshidratacion.jpg","type":"image\/jpeg"}],"twitter_card":"summary_large_image","twitter_misc":{"Tiempo de lectura":"2 minutos"},"schema":{"@context":"https:\/\/schema.org","@graph":[{"@type":"WebPage","@id":"https:\/\/halter.com.pe\/index.php\/productos\/zaranda-vibratoria-para-mineria\/","url":"https:\/\/halter.com.pe\/index.php\/productos\/zaranda-vibratoria-para-mineria\/","name":"Zaranda vibratoria para miner\u00eda - Halter","isPartOf":{"@id":"https:\/\/halter.com.pe\/#website"},"primaryImageOfPage":{"@id":"https:\/\/halter.com.pe\/index.php\/productos\/zaranda-vibratoria-para-mineria\/#primaryimage"},"image":{"@id":"https:\/\/halter.com.pe\/index.php\/productos\/zaranda-vibratoria-para-mineria\/#primaryimage"},"thumbnailUrl":"https:\/\/halter.com.pe\/wp-content\/uploads\/2024\/07\/zaranda-vibratoria-de-deshidratacion.jpg","datePublished":"2024-07-09T22:19:50+00:00","dateModified":"2024-10-30T22:43:22+00:00","description":"Nuestras zarandas vibratorias para miner\u00eda son la soluci\u00f3n ideal para la clasificaci\u00f3n y deshidrataci\u00f3n de minerales...","breadcrumb":{"@id":"https:\/\/halter.com.pe\/index.php\/productos\/zaranda-vibratoria-para-mineria\/#breadcrumb"},"inLanguage":"es","potentialAction":[{"@type":"ReadAction","target":["https:\/\/halter.com.pe\/index.php\/productos\/zaranda-vibratoria-para-mineria\/"]}]},{"@type":"ImageObject","inLanguage":"es","@id":"https:\/\/halter.com.pe\/index.php\/productos\/zaranda-vibratoria-para-mineria\/#primaryimage","url":"https:\/\/halter.com.pe\/wp-content\/uploads\/2024\/07\/zaranda-vibratoria-de-deshidratacion.jpg","contentUrl":"https:\/\/halter.com.pe\/wp-content\/uploads\/2024\/07\/zaranda-vibratoria-de-deshidratacion.jpg","width":800,"height":450,"caption":"zaranda vibratoria de deshidrataci\u00f3n para minerales"},{"@type":"BreadcrumbList","@id":"https:\/\/halter.com.pe\/index.php\/productos\/zaranda-vibratoria-para-mineria\/#breadcrumb","itemListElement":[{"@type":"ListItem","position":1,"name":"Portada","item":"https:\/\/halter.com.pe\/"},{"@type":"ListItem","position":2,"name":"Productos","item":"https:\/\/halter.com.pe\/index.php\/productos\/"},{"@type":"ListItem","position":3,"name":"Zaranda vibratoria para miner\u00eda"}]},{"@type":"WebSite","@id":"https:\/\/halter.com.pe\/#website","url":"https:\/\/halter.com.pe\/","name":"Halter","description":"Especialista en equipos de control de minerales, petr\u00f3leo y gas","publisher":{"@id":"https:\/\/halter.com.pe\/#organization"},"potentialAction":[{"@type":"SearchAction","target":{"@type":"EntryPoint","urlTemplate":"https:\/\/halter.com.pe\/?s={search_term_string}"},"query-input":{"@type":"PropertyValueSpecification","valueRequired":true,"valueName":"search_term_string"}}],"inLanguage":"es"},{"@type":"Organization","@id":"https:\/\/halter.com.pe\/#organization","name":"Halter","url":"https:\/\/halter.com.pe\/","logo":{"@type":"ImageObject","inLanguage":"es","@id":"https:\/\/halter.com.pe\/#\/schema\/logo\/image\/","url":"https:\/\/halter.com.pe\/wp-content\/uploads\/2024\/11\/R-removebg-preview.png","contentUrl":"https:\/\/halter.com.pe\/wp-content\/uploads\/2024\/11\/R-removebg-preview.png","width":350,"height":100,"caption":"Halter"},"image":{"@id":"https:\/\/halter.com.pe\/#\/schema\/logo\/image\/"},"sameAs":["https:\/\/www.instagram.com\/halter_pe\/","https:\/\/www.linkedin.com\/company\/halter-peru\/?viewAsMember=true","https:\/\/www.youtube.com\/channel\/UCz4H8oYgooBK7uZ-s_1qvQg"]}]}},"_links":{"self":[{"href":"https:\/\/halter.com.pe\/index.php\/wp-json\/wp\/v2\/pages\/1143","targetHints":{"allow":["GET"]}}],"collection":[{"href":"https:\/\/halter.com.pe\/index.php\/wp-json\/wp\/v2\/pages"}],"about":[{"href":"https:\/\/halter.com.pe\/index.php\/wp-json\/wp\/v2\/types\/page"}],"author":[{"embeddable":true,"href":"https:\/\/halter.com.pe\/index.php\/wp-json\/wp\/v2\/users\/1"}],"replies":[{"embeddable":true,"href":"https:\/\/halter.com.pe\/index.php\/wp-json\/wp\/v2\/comments?post=1143"}],"version-history":[{"count":23,"href":"https:\/\/halter.com.pe\/index.php\/wp-json\/wp\/v2\/pages\/1143\/revisions"}],"predecessor-version":[{"id":2192,"href":"https:\/\/halter.com.pe\/index.php\/wp-json\/wp\/v2\/pages\/1143\/revisions\/2192"}],"up":[{"embeddable":true,"href":"https:\/\/halter.com.pe\/index.php\/wp-json\/wp\/v2\/pages\/16"}],"wp:attachment":[{"href":"https:\/\/halter.com.pe\/index.php\/wp-json\/wp\/v2\/media?parent=1143"}],"curies":[{"name":"wp","href":"https:\/\/api.w.org\/{rel}","templated":true}]}}